{"id":93,"date":"2014-04-25T17:02:06","date_gmt":"2014-04-25T16:02:06","guid":{"rendered":"http:\/\/carburant-modelisme.com\/?page_id=93"},"modified":"2022-05-15T13:53:17","modified_gmt":"2022-05-15T12:53:17","slug":"le-methanol","status":"publish","type":"page","link":"https:\/\/carburant-modelisme.com\/?page_id=93","title":{"rendered":"M\u00e9thanol"},"content":{"rendered":"<p><a href=\"http:\/\/carburant-modelisme.com\/wp-content\/uploads\/2022\/05\/GHS-pictogram-flamme.svg_.jpg\"><img loading=\"lazy\" decoding=\"async\" class=\"alignnone size-full wp-image-1881\" src=\"http:\/\/carburant-modelisme.com\/wp-content\/uploads\/2022\/05\/GHS-pictogram-flamme.svg_.jpg\" alt=\"\" width=\"57\" height=\"57\" \/><\/a> <a href=\"http:\/\/carburant-modelisme.com\/wp-content\/uploads\/2022\/05\/1024px-GHS-pictogram-silhouette.svg_.jpg\"><img loading=\"lazy\" decoding=\"async\" class=\"alignnone size-full wp-image-1880\" src=\"http:\/\/carburant-modelisme.com\/wp-content\/uploads\/2022\/05\/1024px-GHS-pictogram-silhouette.svg_.jpg\" alt=\"\" width=\"57\" height=\"57\" \/><\/a> <a href=\"http:\/\/carburant-modelisme.com\/wp-content\/uploads\/2022\/05\/1024px-GHS-pictogram-skull.svg_.jpg\"><img loading=\"lazy\" decoding=\"async\" class=\"alignnone size-full wp-image-1879\" src=\"http:\/\/carburant-modelisme.com\/wp-content\/uploads\/2022\/05\/1024px-GHS-pictogram-skull.svg_.jpg\" alt=\"\" width=\"57\" height=\"57\" \/><\/a><\/p>\n<h2><a title=\"Lien permanent vers RV (Rodage Voiture) \u00ab\u00a0Dangereux-Respecter les pr\u00e9cautions d\u2019emploi\u00a0\u00bb\" href=\"http:\/\/www.carburant-modelisme.com\/nos-produits\/carburant-voiture\/rv-rodage-voiture\/\" rel=\"bookmark\">\u00ab\u00a0Dangereux-Respecter les pr\u00e9cautions d\u2019emploi\u00a0\u00bb<\/a><\/h2>\n<p><strong>D\u00e9finition :<\/strong> Ce sont des substances qui brulent en produisant une energie m\u00e9canique. Le plus commun\u00e9ment utilise, pour son excellent pouvoir de combustion et son rendement, est le methanol ou alcool methylique.<\/p>\n<p><strong>Caract\u00e9ristiques: <\/strong>Liquide incolore d&rsquo;odeur agreable, miscible \u00e0 l&rsquo;eau en toutes proportions. Il fut decouvert par Boyle en 1661. Il est utilise dans de nombreuses syntheses chimiques et ses derives sont largement utilises pour la production de produits de teinturerie, de resines, de produits pharmaceutiques et de parfums synthetiques. Le methanol est aussi utilise comme combustible, pour denaturer l&rsquo;alcool ethylique, comme antigel, dans l&rsquo;industrie des vernis, des colorants et de certaines matieres plastiques.<\/p>\n<p><strong>Formule chimique:<\/strong> CH30H (C=carbone, H= hydrogene, O= oxygene)<\/p>\n<p><strong>Masse moleculaire :<\/strong> 32<\/p>\n<p><strong>Point d&rsquo;ebullition :<\/strong> 64.7\u00b0C<\/p>\n<p><strong>Densite (\u00e0 20\u00b0C) :<\/strong> 0,7914 (1 litre de methanol pur pese 791,4grammes \u00e0 20\u00b0C)<\/p>\n<p><strong>Preparation : <\/strong>Soit par distillation de l&rsquo;acide pyroligneux (bois), soit par reaction catalytique entre l&rsquo;hydrogene et l&rsquo;oxyde de carbone. En plus des formes industrielles neuves, on trouve egalement sur le marche du methanol industriel recycle; c&rsquo;est-a-dire ayant deja servi \u00e0 des fabrications et redistille.<\/p>\n<p><strong>Toxicologie : <\/strong>Le methanol est aussi un poison violent. Par ingestion, il provoque des atteintes hepatiques graves. De plus c&rsquo;est un d\u00e9presseur du syst\u00e8me nerveux central (comme l&rsquo;\u00e9thanol) mais il s&rsquo;\u00e9limine tr\u00e8s lentement et ses effets sont cumulatifs. Par contacts prolonges avec la peau des dermatoses peuvent survenir suite \u00e0 la destruction du rev\u00eatement lipidique de la peau. Les projections sur les yeux sont irritantes ( conjonctivite ). Par inhalation prolong\u00e9e, on obtient une ivresse avec naus\u00e9es puis cyanose, \u0153d\u00e8me pulmonaire, agitation, fureur et mort !On observe \u00e9galement des troubles oculaires majeurs avec diminution d e l&rsquo;acuit\u00e9 visuelle, dilatation des pupilles, photophobie puis \u00e9volution vers la c\u00e9cit\u00e9! Sympa !Il faut donc prendre des pr\u00e9cautions lors des manipulations du stockage ( enfants ).<\/p>\n<p>Mentions danger :<\/p>\n<p><span style=\"color: #ff0000;\">Liquide et vapeurs tr\u00e8s inflammables<\/span><\/p>\n<p><span style=\"color: #ff0000;\">Toxique par ingestion, par contact cutan\u00e9 et par inhalation<\/span><\/p>\n<p><span style=\"color: #ff0000;\">Risque av\u00e9r\u00e9 d&rsquo;effets graves pour les organes (ingestion et inhalation)<\/span><\/p>\n<p><strong>Remarque <\/strong>: Le methanol est aussi un bon decapant pour les peintures, pensez-y au moment de peindre votre modele et faites-vous utilement conseiller par votre detaillant, Il degraisse aussi parfaitement les parties metalliques et les rend tres sensibles \u00e0 la rouille; si en plus vous utilisez une huile de synthese mal adaptee, vous avez toutes les chances de retrouver votre moteur rouille : roulements bloques. Tres, tres irritant!<\/p>\n<p><strong>Le remede :<\/strong> Pour l\u2019hivernage devissez la bougie, injectez une bonne giclee d&rsquo;AFTER RUN, faites-le tourner une dizaine de fois, revissez la bougie, enfermez le tout dans un sac en plastique.<\/p>\n<p>Pour ceux qui preparent leur carburant, ou qui ont des doutes sur les proprietes anticorrosion du carburant du commerce vous pouvez trouver chez LABEMA un additif anticorrosion a ajouter a votre carburant, a tous les stades de la fabrication.<\/p>\n","protected":false},"excerpt":{"rendered":"<p>\u00ab\u00a0Dangereux-Respecter les pr\u00e9cautions d\u2019emploi\u00a0\u00bb D\u00e9finition : Ce sont des substances qui brulent en produisant une energie m\u00e9canique. Le plus commun\u00e9ment utilise, pour son excellent pouvoir de combustion et son rendement, est le methanol ou alcool methylique. Caract\u00e9ristiques: Liquide incolore d&rsquo;odeur agreable, miscible \u00e0 l&rsquo;eau en toutes proportions. Il fut decouvert par Boyle en 1661. Il &hellip; <a href=\"https:\/\/carburant-modelisme.com\/?page_id=93\" class=\"more-link\">Continuer la lecture de <span class=\"screen-reader-text\">M\u00e9thanol<\/span> <span class=\"meta-nav\">&rarr;<\/span><\/a><\/p>\n","protected":false},"author":1,"featured_media":0,"parent":55,"menu_order":0,"comment_status":"closed","ping_status":"closed","template":"","meta":{"footnotes":""},"class_list":["post-93","page","type-page","status-publish","hentry"],"_links":{"self":[{"href":"https:\/\/carburant-modelisme.com\/index.php?rest_route=\/wp\/v2\/pages\/93","targetHints":{"allow":["GET"]}}],"collection":[{"href":"https:\/\/carburant-modelisme.com\/index.php?rest_route=\/wp\/v2\/pages"}],"about":[{"href":"https:\/\/carburant-modelisme.com\/index.php?rest_route=\/wp\/v2\/types\/page"}],"author":[{"embeddable":true,"href":"https:\/\/carburant-modelisme.com\/index.php?rest_route=\/wp\/v2\/users\/1"}],"replies":[{"embeddable":true,"href":"https:\/\/carburant-modelisme.com\/index.php?rest_route=%2Fwp%2Fv2%2Fcomments&post=93"}],"version-history":[{"count":5,"href":"https:\/\/carburant-modelisme.com\/index.php?rest_route=\/wp\/v2\/pages\/93\/revisions"}],"predecessor-version":[{"id":1882,"href":"https:\/\/carburant-modelisme.com\/index.php?rest_route=\/wp\/v2\/pages\/93\/revisions\/1882"}],"up":[{"embeddable":true,"href":"https:\/\/carburant-modelisme.com\/index.php?rest_route=\/wp\/v2\/pages\/55"}],"wp:attachment":[{"href":"https:\/\/carburant-modelisme.com\/index.php?rest_route=%2Fwp%2Fv2%2Fmedia&parent=93"}],"curies":[{"name":"wp","href":"https:\/\/api.w.org\/{rel}","templated":true}]}}