{"id":89,"date":"2014-04-25T17:00:50","date_gmt":"2014-04-25T16:00:50","guid":{"rendered":"http:\/\/carburant-modelisme.com\/?page_id=89"},"modified":"2014-05-07T21:21:58","modified_gmt":"2014-05-07T20:21:58","slug":"huile-de-ricin","status":"publish","type":"page","link":"https:\/\/carburant-modelisme.com\/?page_id=89","title":{"rendered":"Huile de RICIN"},"content":{"rendered":"<h2><a title=\"Lien permanent vers RV (Rodage Voiture) \u00ab\u00a0Dangereux-Respecter les pr\u00e9cautions d\u2019emploi\u00a0\u00bb\" href=\"http:\/\/www.carburant-modelisme.com\/nos-produits\/carburant-voiture\/rv-rodage-voiture\/\" rel=\"bookmark\">\u00ab\u00a0Dangereux-Respecter les pr\u00e9cautions d\u2019emploi\u00a0\u00bb<\/a><\/h2>\n<p>Le ricin (Ricinus Communis) est une herbe, un arbuste ou un arbre selon les conditions climatiques. La tige porte de grandes feuilles vert pourpre et des grappes de fruits rouges contenant des graines. Tres ornemental, on le trouve dans la plupart des massifs de jardin public. Sous le climat tropical le ricin peut atteindre 10 metres de haut. La graine de ricin renferme peu d&rsquo;eau et de matieres minerales, une faible quantite de glucides, des protides (20%) et surtout des huiles (50%).<\/p>\n<p>L&rsquo;huile est constituee par un melange d&rsquo;acides gras dont le principal est l&rsquo;acide ricinoleique. Cet acide confere a l&rsquo;huile de ricin des proprietes particulieres, notamment la solubilite dans l&rsquo;alcool. Il est accompagne d&rsquo;acide oleique, linoleique, stearique.<\/p>\n<p>L&rsquo;huile contient egalement des derives azotes la Ricine faiblement toxique, des enzymes dont une lipase tres active, de la vitamine E, vitamine de la jeunesse et de la \u00a0\u00bb puissance sexuelle \u00a0\u00bb &#8230; dit-on !!!<\/p>\n<p>Elle est obtenue par pressage, filtration et \u00e9puration.<\/p>\n<p>L&rsquo;huile est utilisee en pharmacie comme purgatif, et en mecanique comme lubrifiant dans les anciens moteurs d&rsquo;avion, les voitures de course, les transmissions hydrauliques etc&#8230;. et le mod\u00e9lisme. Le pouvoir lubrifiant est excellent.<\/p>\n<p>Il existe differentes sortes d&rsquo;huiles de ricin selon les methodes d&rsquo;extraction, de preparation, de raffinage. Selon sa qualit\u00e9 l&rsquo;huile de ricin est siccative, comprenez : elle se solidifie, ce qui est le cas des huiles de ricin couramment utilis\u00e9es; cette siccativation entra\u00eene le gommage par d\u00e9p\u00f4ts solides.<\/p>\n<p><strong>EN MODELISME :<\/strong> <strong><span style=\"text-decoration: underline;\">les pourcentages sont indiques en volume.<\/span><\/strong><\/p>\n<p>Certains constructeurs de moteur, OS , MVS, recommandent <strong>un rodage avec des carburants au ricin ( 20% )<\/strong>, puis peuvent tourner avec des melanges Synthese-Ricin (9% ricin -9% synth\u00e8se) ou (8%-8%)<\/p>\n<p>Ne pas chercher la puissance maxi en diminuant le taux d\u2019huile et en augmentant le nitro, si votre moteur est trop juste choisissez-en un de cylindre superieur d\u2019une marque moins onereuses, il tournera une helice de plus grand diametre, pour le repos de vos oreilles et le realisme du vol.<\/p>\n<p>Utilisez un rechauffeur de bougie au lieu du nitro, il en existe d\u2019excellents sur le marche.<\/p>\n<p><strong>Avantages \/ D\u00e9savantages<\/strong><\/p>\n<ul>\n<li>Avantages : Excellente lubrification, pas de risque de serrage, de casse .<\/li>\n<li>Desavantages : salit, gomme les moteurs, pots d&rsquo; echapement, siege de soupape , si utilise seule comme lubrifiant , viscosite elevee variant fortement avec la temperature, devient tres visqueuse a froid en hivers.<\/li>\n<\/ul>\n","protected":false},"excerpt":{"rendered":"<p>\u00ab\u00a0Dangereux-Respecter les pr\u00e9cautions d\u2019emploi\u00a0\u00bb Le ricin (Ricinus Communis) est une herbe, un arbuste ou un arbre selon les conditions climatiques. La tige porte de grandes feuilles vert pourpre et des grappes de fruits rouges contenant des graines. Tres ornemental, on le trouve dans la plupart des massifs de jardin public. Sous le climat tropical le &hellip; <a href=\"https:\/\/carburant-modelisme.com\/?page_id=89\" class=\"more-link\">Continuer la lecture de <span class=\"screen-reader-text\">Huile de RICIN<\/span> <span class=\"meta-nav\">&rarr;<\/span><\/a><\/p>\n","protected":false},"author":1,"featured_media":0,"parent":55,"menu_order":0,"comment_status":"closed","ping_status":"closed","template":"","meta":{"footnotes":""},"class_list":["post-89","page","type-page","status-publish","hentry"],"_links":{"self":[{"href":"https:\/\/carburant-modelisme.com\/index.php?rest_route=\/wp\/v2\/pages\/89","targetHints":{"allow":["GET"]}}],"collection":[{"href":"https:\/\/carburant-modelisme.com\/index.php?rest_route=\/wp\/v2\/pages"}],"about":[{"href":"https:\/\/carburant-modelisme.com\/index.php?rest_route=\/wp\/v2\/types\/page"}],"author":[{"embeddable":true,"href":"https:\/\/carburant-modelisme.com\/index.php?rest_route=\/wp\/v2\/users\/1"}],"replies":[{"embeddable":true,"href":"https:\/\/carburant-modelisme.com\/index.php?rest_route=%2Fwp%2Fv2%2Fcomments&post=89"}],"version-history":[{"count":2,"href":"https:\/\/carburant-modelisme.com\/index.php?rest_route=\/wp\/v2\/pages\/89\/revisions"}],"predecessor-version":[{"id":484,"href":"https:\/\/carburant-modelisme.com\/index.php?rest_route=\/wp\/v2\/pages\/89\/revisions\/484"}],"up":[{"embeddable":true,"href":"https:\/\/carburant-modelisme.com\/index.php?rest_route=\/wp\/v2\/pages\/55"}],"wp:attachment":[{"href":"https:\/\/carburant-modelisme.com\/index.php?rest_route=%2Fwp%2Fv2%2Fmedia&parent=89"}],"curies":[{"name":"wp","href":"https:\/\/api.w.org\/{rel}","templated":true}]}}