{"id":81,"date":"2014-04-25T16:59:00","date_gmt":"2014-04-25T15:59:00","guid":{"rendered":"http:\/\/carburant-modelisme.com\/?page_id=81"},"modified":"2014-05-07T21:21:28","modified_gmt":"2014-05-07T20:21:28","slug":"colorants","status":"publish","type":"page","link":"https:\/\/carburant-modelisme.com\/?page_id=81","title":{"rendered":"Colorants"},"content":{"rendered":"<h2><a title=\"Lien permanent vers RV (Rodage Voiture) \u00ab\u00a0Dangereux-Respecter les pr\u00e9cautions d\u2019emploi\u00a0\u00bb\" href=\"http:\/\/www.carburant-modelisme.com\/nos-produits\/carburant-voiture\/rv-rodage-voiture\/\" rel=\"bookmark\">\u00ab\u00a0Dangereux-Respecter les pr\u00e9cautions d\u2019emploi\u00a0\u00bb<\/a><\/h2>\n<p><strong>Les colorants :<\/strong> Essentiellement pour les utilisateurs d&rsquo;helicopteres, de voitures, en effet, le r\u00e9servoir \u00e9tant souvent visible \u00e0 l&rsquo;exterieur de la cellule, cela permet une \u00e9valuation immediate du niveau restant. Ils permettent \u00e9galement de surveiller une fuite eventuelle.<\/p>\n<p><em>Resultat obtenu avec 1 goutte de colorant.<\/em><\/p>\n<p><em><a href=\"http:\/\/www.carburant-modelisme.com\/wp-content\/uploads\/2010\/06\/colorant.jpg\"><img loading=\"lazy\" decoding=\"async\" class=\"size-full wp-image-206 alignleft\" title=\"colorant\" alt=\"\" src=\"http:\/\/www.carburant-modelisme.com\/wp-content\/uploads\/2010\/06\/colorant.jpg\" width=\"283\" height=\"165\" \/><\/a><br \/>\n<\/em><\/p>\n<p>Les colorants peuvent s&rsquo;ajouter \u00e0 tous les stades de la fabrication.<\/p>\n<p><strong>FABRICANT :<\/strong> Laboratoires LABEMA<\/p>\n","protected":false},"excerpt":{"rendered":"<p>\u00ab\u00a0Dangereux-Respecter les pr\u00e9cautions d\u2019emploi\u00a0\u00bb Les colorants : Essentiellement pour les utilisateurs d&rsquo;helicopteres, de voitures, en effet, le r\u00e9servoir \u00e9tant souvent visible \u00e0 l&rsquo;exterieur de la cellule, cela permet une \u00e9valuation immediate du niveau restant. Ils permettent \u00e9galement de surveiller une fuite eventuelle. Resultat obtenu avec 1 goutte de colorant. Les colorants peuvent s&rsquo;ajouter \u00e0 tous &hellip; <a href=\"https:\/\/carburant-modelisme.com\/?page_id=81\" class=\"more-link\">Continuer la lecture de <span class=\"screen-reader-text\">Colorants<\/span> <span class=\"meta-nav\">&rarr;<\/span><\/a><\/p>\n","protected":false},"author":1,"featured_media":0,"parent":55,"menu_order":0,"comment_status":"closed","ping_status":"closed","template":"","meta":{"footnotes":""},"class_list":["post-81","page","type-page","status-publish","hentry"],"_links":{"self":[{"href":"https:\/\/carburant-modelisme.com\/index.php?rest_route=\/wp\/v2\/pages\/81","targetHints":{"allow":["GET"]}}],"collection":[{"href":"https:\/\/carburant-modelisme.com\/index.php?rest_route=\/wp\/v2\/pages"}],"about":[{"href":"https:\/\/carburant-modelisme.com\/index.php?rest_route=\/wp\/v2\/types\/page"}],"author":[{"embeddable":true,"href":"https:\/\/carburant-modelisme.com\/index.php?rest_route=\/wp\/v2\/users\/1"}],"replies":[{"embeddable":true,"href":"https:\/\/carburant-modelisme.com\/index.php?rest_route=%2Fwp%2Fv2%2Fcomments&post=81"}],"version-history":[{"count":3,"href":"https:\/\/carburant-modelisme.com\/index.php?rest_route=\/wp\/v2\/pages\/81\/revisions"}],"predecessor-version":[{"id":482,"href":"https:\/\/carburant-modelisme.com\/index.php?rest_route=\/wp\/v2\/pages\/81\/revisions\/482"}],"up":[{"embeddable":true,"href":"https:\/\/carburant-modelisme.com\/index.php?rest_route=\/wp\/v2\/pages\/55"}],"wp:attachment":[{"href":"https:\/\/carburant-modelisme.com\/index.php?rest_route=%2Fwp%2Fv2%2Fmedia&parent=81"}],"curies":[{"name":"wp","href":"https:\/\/api.w.org\/{rel}","templated":true}]}}