{"id":79,"date":"2014-04-25T16:58:28","date_gmt":"2014-04-25T15:58:28","guid":{"rendered":"http:\/\/carburant-modelisme.com\/?page_id=79"},"modified":"2022-05-15T10:48:52","modified_gmt":"2022-05-15T09:48:52","slug":"clean-engine","status":"publish","type":"page","link":"https:\/\/carburant-modelisme.com\/?page_id=79","title":{"rendered":"Clean Engine"},"content":{"rendered":"<h2><a title=\"Lien permanent vers RV (Rodage Voiture) \u00ab\u00a0Dangereux-Respecter les pr\u00e9cautions d\u2019emploi\u00a0\u00bb\" href=\"http:\/\/www.carburant-modelisme.com\/nos-produits\/carburant-voiture\/rv-rodage-voiture\/\" rel=\"bookmark\">\u00ab\u00a0Dangereux-Respecter les pr\u00e9cautions d\u2019emploi\u00a0\u00bb<\/a><\/h2>\n<p style=\"text-align: center;\"><a href=\"http:\/\/carburant-modelisme.com\/wp-content\/uploads\/2022\/05\/clean-\u00e0-d\u00e9tourer.jpg\"><img loading=\"lazy\" decoding=\"async\" class=\"alignnone size-medium wp-image-1874\" src=\"http:\/\/carburant-modelisme.com\/wp-content\/uploads\/2022\/05\/clean-\u00e0-d\u00e9tourer-120x300.jpg\" alt=\"\" width=\"120\" height=\"300\" srcset=\"https:\/\/carburant-modelisme.com\/wp-content\/uploads\/2022\/05\/clean-\u00e0-d\u00e9tourer-120x300.jpg 120w, https:\/\/carburant-modelisme.com\/wp-content\/uploads\/2022\/05\/clean-\u00e0-d\u00e9tourer-410x1024.jpg 410w, https:\/\/carburant-modelisme.com\/wp-content\/uploads\/2022\/05\/clean-\u00e0-d\u00e9tourer.jpg 522w\" sizes=\"auto, (max-width: 120px) 100vw, 120px\" \/><\/a><\/p>\n<p><strong>Produit :<\/strong><\/p>\n<ul>\n<li><strong>CLEAN ENGINE<\/strong><\/li>\n<li>Eau chaude de pr\u00e9f\u00e9rence<\/li>\n<\/ul>\n<p><b>Pr\u00e9paration<\/b><strong>\u00a0:<\/strong><\/p>\n<ul>\n<li>D\u00e9monter les pi\u00e8ces du moteur a d\u00e9placer<\/li>\n<li>NE PAS METTRE LE MOTEUR EN ENTIER DANS LE PRODUIT, RISQUE DE DETERIORATION<\/li>\n<li>Boucher les entr\u00e9es du moteur : carburateur et \u00e9chappement<\/li>\n<\/ul>\n<p><b>Mat\u00e9riel<\/b><strong>\u00a0:<\/strong><\/p>\n<ul>\n<li>Un pinceau<\/li>\n<li>Une brosse douce type vieille brosse a dent ou a ongle (a ne pas r\u00e9utiliser pour son emploi initial!)<\/li>\n<\/ul>\n<p><strong>CONSIGNES DE SECURITE :<\/strong><\/p>\n<h4><span style=\"color: #ff0000;\">\u00a0 DANGER\u00a0 &#8211; CORROSIF<\/span><\/h4>\n<ul>\n<li>Provoque des br\u00fblures de la peau et des l\u00e9sions oculaires graves<\/li>\n<li>Tenir hors de port\u00e9e des enfants. Garder sous cl\u00e9<\/li>\n<li>En cas de consultation d&rsquo;un m\u00e9decin, garder \u00e0 disposition le r\u00e9cipient ou l&rsquo;\u00e9tiquette<\/li>\n<li>Se laver les mains soigneusement avec de l\u2019eau et du savon apr\u00e8s manipulation<\/li>\n<li>Porter des gants de protection et un \u00e9quipement de protection des yeux<\/li>\n<li>EN CAS D\u2019INGESTION\u00a0: rincer la bouche. NE PAS faire vomir<\/li>\n<li>EN CAS DE CONTACT AVEC LA PEAU (ou les cheveux)\u00a0: enlever imm\u00e9diatement les v\u00eatements contamin\u00e9s. Rincer la peau \u00e0 l\u2019eau \/ se doucher<\/li>\n<li>EN CAS DE CONTACT AVEC LES YEUX\u00a0: rincer avec pr\u00e9caution \u00e0 l\u2019eau pendant plusieurs minutes. Enlever les lentilles de contact si la victime en porte et si elles peuvent \u00eatre facilement enlev\u00e9es. Continuer \u00e0 rincer.<\/li>\n<li>Appeler imm\u00e9diatement un CENTRE ANTIPOISON ou un m\u00e9decin<\/li>\n<\/ul>\n<p><strong>DECAPAGE :<\/strong><\/p>\n<ul>\n<li>Bien impr\u00e9gner les zones de la pi\u00e8ce a d\u00e9caper avec le produit pur a l&rsquo;aide d&rsquo;un pinceau<\/li>\n<li>Laisser agir 5 a 10 mm<\/li>\n<li>Ne pas laisser s\u00e9cher le produit sur la pi\u00e8ce<\/li>\n<li>Frotter avec une brosser douce<\/li>\n<li>NE PAS FROTTER AVEC UNE BROSSE METALLIQUE<\/li>\n<li>Rincer la pi\u00e8ce avec de l&rsquo;eau chaude et \u00e9ventuellement a l&rsquo;AFTER RUN et s\u00e9cher<\/li>\n<li>Si certaines zones sont encore sales, refaire le protocole<\/li>\n<\/ul>\n<p style=\"text-align: center;\"><a href=\"http:\/\/www.carburant-modelisme.com\/wp-content\/uploads\/2010\/06\/Clean-Engine.jpg\"><img decoding=\"async\" class=\"aligncenter size-large wp-image-205\" title=\"Clean Engine\" src=\"http:\/\/www.carburant-modelisme.com\/wp-content\/uploads\/2010\/06\/Clean-Engine-1023x341.jpg\" alt=\"\" width=\"600\" \/><\/a><\/p>\n<p style=\"text-align: center;\">\n","protected":false},"excerpt":{"rendered":"<p>\u00ab\u00a0Dangereux-Respecter les pr\u00e9cautions d\u2019emploi\u00a0\u00bb Produit : CLEAN ENGINE Eau chaude de pr\u00e9f\u00e9rence Pr\u00e9paration\u00a0: D\u00e9monter les pi\u00e8ces du moteur a d\u00e9placer NE PAS METTRE LE MOTEUR EN ENTIER DANS LE PRODUIT, RISQUE DE DETERIORATION Boucher les entr\u00e9es du moteur : carburateur et \u00e9chappement Mat\u00e9riel\u00a0: Un pinceau Une brosse douce type vieille brosse a dent ou a &hellip; <a href=\"https:\/\/carburant-modelisme.com\/?page_id=79\" class=\"more-link\">Continuer la lecture de <span class=\"screen-reader-text\">Clean Engine<\/span> <span class=\"meta-nav\">&rarr;<\/span><\/a><\/p>\n","protected":false},"author":1,"featured_media":0,"parent":55,"menu_order":0,"comment_status":"closed","ping_status":"closed","template":"","meta":{"footnotes":""},"class_list":["post-79","page","type-page","status-publish","hentry"],"_links":{"self":[{"href":"https:\/\/carburant-modelisme.com\/index.php?rest_route=\/wp\/v2\/pages\/79","targetHints":{"allow":["GET"]}}],"collection":[{"href":"https:\/\/carburant-modelisme.com\/index.php?rest_route=\/wp\/v2\/pages"}],"about":[{"href":"https:\/\/carburant-modelisme.com\/index.php?rest_route=\/wp\/v2\/types\/page"}],"author":[{"embeddable":true,"href":"https:\/\/carburant-modelisme.com\/index.php?rest_route=\/wp\/v2\/users\/1"}],"replies":[{"embeddable":true,"href":"https:\/\/carburant-modelisme.com\/index.php?rest_route=%2Fwp%2Fv2%2Fcomments&post=79"}],"version-history":[{"count":5,"href":"https:\/\/carburant-modelisme.com\/index.php?rest_route=\/wp\/v2\/pages\/79\/revisions"}],"predecessor-version":[{"id":1877,"href":"https:\/\/carburant-modelisme.com\/index.php?rest_route=\/wp\/v2\/pages\/79\/revisions\/1877"}],"up":[{"embeddable":true,"href":"https:\/\/carburant-modelisme.com\/index.php?rest_route=\/wp\/v2\/pages\/55"}],"wp:attachment":[{"href":"https:\/\/carburant-modelisme.com\/index.php?rest_route=%2Fwp%2Fv2%2Fmedia&parent=79"}],"curies":[{"name":"wp","href":"https:\/\/api.w.org\/{rel}","templated":true}]}}