{"id":73,"date":"2014-04-25T16:55:28","date_gmt":"2014-04-25T15:55:28","guid":{"rendered":"http:\/\/carburant-modelisme.com\/?page_id=73"},"modified":"2023-03-23T11:50:55","modified_gmt":"2023-03-23T10:50:55","slug":"m17","status":"publish","type":"page","link":"https:\/\/carburant-modelisme.com\/?page_id=73","title":{"rendered":"M17"},"content":{"rendered":"<h2><a title=\"Lien permanent vers RV (Rodage Voiture) \u00ab\u00a0Dangereux-Respecter les pr\u00e9cautions d\u2019emploi\u00a0\u00bb\" href=\"http:\/\/www.carburant-modelisme.com\/nos-produits\/carburant-voiture\/rv-rodage-voiture\/\" rel=\"bookmark\">\u00ab\u00a0Dangereux-Respecter les pr\u00e9cautions d\u2019emploi\u00a0\u00bb<\/a><\/h2>\n<p style=\"text-align: center;\"><a href=\"http:\/\/carburant-modelisme.com\/wp-content\/uploads\/2023\/03\/M17-\u00e0-12.jpg\"><img loading=\"lazy\" decoding=\"async\" class=\"alignnone size-medium wp-image-1944\" src=\"http:\/\/carburant-modelisme.com\/wp-content\/uploads\/2023\/03\/M17-\u00e0-12-190x300.jpg\" alt=\"\" width=\"190\" height=\"300\" srcset=\"https:\/\/carburant-modelisme.com\/wp-content\/uploads\/2023\/03\/M17-\u00e0-12-190x300.jpg 190w, https:\/\/carburant-modelisme.com\/wp-content\/uploads\/2023\/03\/M17-\u00e0-12-768x1211.jpg 768w, https:\/\/carburant-modelisme.com\/wp-content\/uploads\/2023\/03\/M17-\u00e0-12-650x1024.jpg 650w\" sizes=\"auto, (max-width: 190px) 100vw, 190px\" \/><\/a><\/p>\n<p><strong>Usages :<\/strong> Ce carburant 100% synth\u00e8se a \u00e9t\u00e9 mis au point, avec l\u2019implication personnelle de Pascal BRIANCHON Champion reconnu de la discipline F3C, il contient 12% de Nitromethane.<br \/>\nC\u2019est un carburant 100% synth\u00e8se, avec un anticorrosion l\u2019Emadox M.<br \/>\nFormul\u00e9 pour la comp\u00e9tition, il est aussi un excellent carburant loisir.<\/p>\n<p><strong>Caract\u00e9ristiques :<\/strong><br \/>\nCarburant incolore \u00e0 faiblement ambr\u00e9<br \/>\nDensit\u00e9 : 0.89<br \/>\nNitromethane : 12%<br \/>\nHuiles : 17%<\/p>\n<p><strong>Avantages :<\/strong> Une des particularit\u00e9 de ce carburant est de ne laisser aucun d\u00e9p\u00f4t sur les moteurs et la ligne d\u2019\u00e9chappement. Il est tr\u00e8s puissant, tr\u00e8s \u00ab coupleux \u00bb, la consommation reste raisonnable.<\/p>\n<p><strong>Conseils :<\/strong> Attention aux r\u00e9glages, nos carburants fument beaucoup, et le M17 encore plus que les autres carburants de la gamme. En effet pour diminuer le bruit de l\u2019\u00e9chappement, on a augmente le taux d\u2019huile pour cr\u00e9er un brouillard qui assourdisse le bruit de fonctionnement.<br \/>\nPour les p\u00e9riodes de repos, penser a injecter de l\u2019<a href=\"http:\/\/carburant-modelisme.com\/?page_id=77\"><strong><span style=\"color: #ff0000;\">After Run LABEMA<\/span><\/strong><\/a> par la bougies et\/ou le carburateur, et bien impr\u00e9gner le moteur. Aucune corrosion m\u00eame pour de tr\u00e8s longues immobilisations et re-d\u00e9marrage facile<\/p>\n","protected":false},"excerpt":{"rendered":"<p>\u00ab\u00a0Dangereux-Respecter les pr\u00e9cautions d\u2019emploi\u00a0\u00bb Usages : Ce carburant 100% synth\u00e8se a \u00e9t\u00e9 mis au point, avec l\u2019implication personnelle de Pascal BRIANCHON Champion reconnu de la discipline F3C, il contient 12% de Nitromethane. C\u2019est un carburant 100% synth\u00e8se, avec un anticorrosion l\u2019Emadox M. Formul\u00e9 pour la comp\u00e9tition, il est aussi un excellent carburant loisir. Caract\u00e9ristiques : &hellip; <a href=\"https:\/\/carburant-modelisme.com\/?page_id=73\" class=\"more-link\">Continuer la lecture de <span class=\"screen-reader-text\">M17<\/span> <span class=\"meta-nav\">&rarr;<\/span><\/a><\/p>\n","protected":false},"author":1,"featured_media":0,"parent":53,"menu_order":1,"comment_status":"closed","ping_status":"closed","template":"","meta":{"footnotes":""},"class_list":["post-73","page","type-page","status-publish","hentry"],"_links":{"self":[{"href":"https:\/\/carburant-modelisme.com\/index.php?rest_route=\/wp\/v2\/pages\/73","targetHints":{"allow":["GET"]}}],"collection":[{"href":"https:\/\/carburant-modelisme.com\/index.php?rest_route=\/wp\/v2\/pages"}],"about":[{"href":"https:\/\/carburant-modelisme.com\/index.php?rest_route=\/wp\/v2\/types\/page"}],"author":[{"embeddable":true,"href":"https:\/\/carburant-modelisme.com\/index.php?rest_route=\/wp\/v2\/users\/1"}],"replies":[{"embeddable":true,"href":"https:\/\/carburant-modelisme.com\/index.php?rest_route=%2Fwp%2Fv2%2Fcomments&post=73"}],"version-history":[{"count":8,"href":"https:\/\/carburant-modelisme.com\/index.php?rest_route=\/wp\/v2\/pages\/73\/revisions"}],"predecessor-version":[{"id":1946,"href":"https:\/\/carburant-modelisme.com\/index.php?rest_route=\/wp\/v2\/pages\/73\/revisions\/1946"}],"up":[{"embeddable":true,"href":"https:\/\/carburant-modelisme.com\/index.php?rest_route=\/wp\/v2\/pages\/53"}],"wp:attachment":[{"href":"https:\/\/carburant-modelisme.com\/index.php?rest_route=%2Fwp%2Fv2%2Fmedia&parent=73"}],"curies":[{"name":"wp","href":"https:\/\/api.w.org\/{rel}","templated":true}]}}