{"id":63,"date":"2014-04-25T16:52:52","date_gmt":"2014-04-25T15:52:52","guid":{"rendered":"http:\/\/carburant-modelisme.com\/?page_id=63"},"modified":"2014-07-10T14:26:43","modified_gmt":"2014-07-10T13:26:43","slug":"rs-special-pour-moteur-radial-siedel-5","status":"publish","type":"page","link":"https:\/\/carburant-modelisme.com\/?page_id=63","title":{"rendered":"RS Sp\u00e9cial pour moteur Radial Siedel 5%"},"content":{"rendered":"<div>\n<h2><a title=\"Lien permanent vers RV (Rodage Voiture) \u00ab\u00a0Dangereux-Respecter les pr\u00e9cautions d\u2019emploi\u00a0\u00bb\" href=\"http:\/\/www.carburant-modelisme.com\/nos-produits\/carburant-voiture\/rv-rodage-voiture\/\" rel=\"bookmark\">\u00ab\u00a0Dangereux-Respecter les pr\u00e9cautions d\u2019emploi\u00a0\u00bb<\/a><\/h2>\n<p>&nbsp;<\/p>\n<h3>RS : Radial pour moteurs type <strong>SEIDEL<\/strong> 5%<\/h3>\n<p>Descriptif :<\/p>\n<\/div>\n<div>Carburant \u00e0 7% d&rsquo;huiles et 5% de nitrom\u00e9thane sp\u00e9cialement formul\u00e9 pour les moteurs 4 Temps multicylindres en \u00e9toile EVOLUTION 7-35, 7-77 et 9-99 \u00e0 carburation m\u00e9thanol et allumage par bougie incandescente \u00ab\u00a0Glow\u00a0\u00bb ; conforme aux prescriptions du fabricant.<\/div>\n<div>Ces moteurs, fabriqu\u00e9s par UMS Technologies en INDE et distribu\u00e9s mondialement par HORIZON HOBBY USA, sont bas\u00e9s sur l&rsquo;architecture SEIDEL (Allemagne) avec transit du m\u00e9lange carbur\u00e9 dans le bas moteur qui est ainsi parfaitement lubrifi\u00e9 avant r\u00e9-aspiration par les pipes d&rsquo;admission et prot\u00e9g\u00e9 de la corrosion par l&rsquo;additif EMADOX<\/div>\n<div>Carburant \u00e9labor\u00e9 en collaboration avec Olivier ROGEAU.<\/div>\n<div><\/div>\n<div><\/div>\n<div>RQ : Ce carburant\u00a0<strong>n&rsquo;est pas adapt\u00e9<\/strong>\u00a0aux moteurs en \u00e9toile type radial de marque \u00a0<strong>OS ( FR5-300 \/ FR7-420 )<\/strong> et <strong>SAITO ( 3 et 5 cylindres radial \u00e0 carburation m\u00e9thanol )<\/strong> <strong>et ne doit pas \u00eatre utilis\u00e9 dans ces cas<\/strong> car leur architecture technique ne fait pas transiter le m\u00e9lange carbur\u00e9 dans le bas moteur ; pour ces moteurs, le carburant recommand\u00e9 et conforme aux prescriptions des Fabricants reste le M 1.2 contenant 18% de lubrifiants.<\/div>\n<div><a href=\"http:\/\/www.carburant-modelisme.com\/wp-content\/uploads\/2013\/04\/Olivier-Rogeau.jpg\"><img loading=\"lazy\" decoding=\"async\" class=\"aligncenter size-full wp-image-1214\" title=\"Olivier Rogeau\" alt=\"\" src=\"http:\/\/www.carburant-modelisme.com\/wp-content\/uploads\/2013\/04\/Olivier-Rogeau.jpg\" width=\"536\" height=\"720\" \/><\/a><\/div>\n","protected":false},"excerpt":{"rendered":"<p>\u00ab\u00a0Dangereux-Respecter les pr\u00e9cautions d\u2019emploi\u00a0\u00bb &nbsp; RS : Radial pour moteurs type SEIDEL 5% Descriptif : Carburant \u00e0 7% d&rsquo;huiles et 5% de nitrom\u00e9thane sp\u00e9cialement formul\u00e9 pour les moteurs 4 Temps multicylindres en \u00e9toile EVOLUTION 7-35, 7-77 et 9-99 \u00e0 carburation m\u00e9thanol et allumage par bougie incandescente \u00ab\u00a0Glow\u00a0\u00bb ; conforme aux prescriptions du fabricant. Ces moteurs, &hellip; <a href=\"https:\/\/carburant-modelisme.com\/?page_id=63\" class=\"more-link\">Continuer la lecture de <span class=\"screen-reader-text\">RS Sp\u00e9cial pour moteur Radial Siedel 5%<\/span> <span class=\"meta-nav\">&rarr;<\/span><\/a><\/p>\n","protected":false},"author":1,"featured_media":0,"parent":51,"menu_order":0,"comment_status":"closed","ping_status":"closed","template":"","meta":{"footnotes":""},"class_list":["post-63","page","type-page","status-publish","hentry"],"_links":{"self":[{"href":"https:\/\/carburant-modelisme.com\/index.php?rest_route=\/wp\/v2\/pages\/63","targetHints":{"allow":["GET"]}}],"collection":[{"href":"https:\/\/carburant-modelisme.com\/index.php?rest_route=\/wp\/v2\/pages"}],"about":[{"href":"https:\/\/carburant-modelisme.com\/index.php?rest_route=\/wp\/v2\/types\/page"}],"author":[{"embeddable":true,"href":"https:\/\/carburant-modelisme.com\/index.php?rest_route=\/wp\/v2\/users\/1"}],"replies":[{"embeddable":true,"href":"https:\/\/carburant-modelisme.com\/index.php?rest_route=%2Fwp%2Fv2%2Fcomments&post=63"}],"version-history":[{"count":12,"href":"https:\/\/carburant-modelisme.com\/index.php?rest_route=\/wp\/v2\/pages\/63\/revisions"}],"predecessor-version":[{"id":585,"href":"https:\/\/carburant-modelisme.com\/index.php?rest_route=\/wp\/v2\/pages\/63\/revisions\/585"}],"up":[{"embeddable":true,"href":"https:\/\/carburant-modelisme.com\/index.php?rest_route=\/wp\/v2\/pages\/51"}],"wp:attachment":[{"href":"https:\/\/carburant-modelisme.com\/index.php?rest_route=%2Fwp%2Fv2%2Fmedia&parent=63"}],"curies":[{"name":"wp","href":"https:\/\/api.w.org\/{rel}","templated":true}]}}