{"id":59,"date":"2014-04-25T16:50:53","date_gmt":"2014-04-25T15:50:53","guid":{"rendered":"http:\/\/carburant-modelisme.com\/?page_id=59"},"modified":"2022-05-15T10:05:47","modified_gmt":"2022-05-15T09:05:47","slug":"m20","status":"publish","type":"page","link":"https:\/\/carburant-modelisme.com\/?page_id=59","title":{"rendered":"M20"},"content":{"rendered":"<p style=\"text-align: center;\"><a href=\"http:\/\/carburant-modelisme.com\/wp-content\/uploads\/2022\/05\/M20-r\u00e9duit.jpg\"><img loading=\"lazy\" decoding=\"async\" class=\"alignnone size-medium wp-image-1836\" src=\"http:\/\/carburant-modelisme.com\/wp-content\/uploads\/2022\/05\/M20-r\u00e9duit-211x300.jpg\" alt=\"\" width=\"211\" height=\"300\" srcset=\"https:\/\/carburant-modelisme.com\/wp-content\/uploads\/2022\/05\/M20-r\u00e9duit-211x300.jpg 211w, https:\/\/carburant-modelisme.com\/wp-content\/uploads\/2022\/05\/M20-r\u00e9duit.jpg 400w\" sizes=\"auto, (max-width: 211px) 100vw, 211px\" \/><\/a><\/p>\n<h2><a title=\"Lien permanent vers RV (Rodage Voiture) \u00ab\u00a0Dangereux-Respecter les pr\u00e9cautions d\u2019emploi\u00a0\u00bb\" href=\"http:\/\/www.carburant-modelisme.com\/nos-produits\/carburant-voiture\/rv-rodage-voiture\/\" rel=\"bookmark\">\u00ab\u00a0Dangereux-Respecter les pr\u00e9cautions d\u2019emploi\u00a0\u00bb<\/a><\/h2>\n<p><strong>Usages :<\/strong> Ce carburant 100% synth\u00e8se est constitue de : 5% Nitrom\u00e9thane, huile de synth\u00e8se, Emadox\u00ae M, M\u00e9thanol.<\/p>\n<p>Il est\u00a0\u00e0 r\u00e9server aux moteurs a vilebrequin port\u00e9 sur roulements sans restrictions, il n&rsquo;est pas recommand\u00e9 pour les moteurs \u00ab\u00a0\u00e9conomiques\u00a0\u00bb\u00a0\u00e0 vilebrequin port\u00e9 sur palier bronze.<\/p>\n<p>Il a \u00e9t\u00e9 mis au point par St\u00e9phane BERNARD ex Champion de France de F3A, excellent metteur au point et professionnel de la science des m\u00e9taux.<br \/>\nC\u2019est un tr\u00e8s bon carburant \u00ab CLUB \u00bb , pour ceux qui comme St\u00e9phane pensent que, je cite : \u00ab le ricin n\u2019est pas une fatalit\u00e9 \u00bb<\/p>\n<p><strong>Caract\u00e9ristiques :<\/strong><br \/>\nCarburant incolore<br \/>\nDensit\u00e9 : 0.86<br \/>\nNitromethane : 5%<br \/>\nHuiles : 18%<\/p>\n<p><strong>Avantages :<\/strong> Il ne gomme pas les moteurs, ne salit pas les pots d\u2019\u00e9chappement et les avions.<\/p>\n<p style=\"text-align: left;\"><span style=\"color: #ff0000;\"> Les caract\u00e9ristiques de l\u2019huile de synth\u00e8se am\u00e8ne une augmentation de puissance tr\u00e8s appr\u00e9ci\u00e9e.\u00a0<\/span><\/p>\n<p><strong>Conseils :<\/strong>\u00a0Nous d\u00e9conseillons son utilisation dans les moteurs 4T, risque d\u2019encrassement des tiges de soupapes.<br \/>\nPour les p\u00e9riodes de repos, penser \u00e0 injecter de l\u2019<a href=\"http:\/\/carburant-modelisme.com\/?page_id=77\"><strong>After Run LABEMA<\/strong>\u00a0<\/a>par la bougies et\/ou le carburateur, et bien impr\u00e9gner le moteur.<\/p>\n<p><strong><span style=\"color: #ff0000;\">Pour les\u00a0 moteurs 4T nous pr\u00e9f\u00e9rons le M1.2<\/span><\/strong><\/p>\n","protected":false},"excerpt":{"rendered":"<p>\u00ab\u00a0Dangereux-Respecter les pr\u00e9cautions d\u2019emploi\u00a0\u00bb Usages : Ce carburant 100% synth\u00e8se est constitue de : 5% Nitrom\u00e9thane, huile de synth\u00e8se, Emadox\u00ae M, M\u00e9thanol. Il est\u00a0\u00e0 r\u00e9server aux moteurs a vilebrequin port\u00e9 sur roulements sans restrictions, il n&rsquo;est pas recommand\u00e9 pour les moteurs \u00ab\u00a0\u00e9conomiques\u00a0\u00bb\u00a0\u00e0 vilebrequin port\u00e9 sur palier bronze. Il a \u00e9t\u00e9 mis au point par St\u00e9phane &hellip; <a href=\"https:\/\/carburant-modelisme.com\/?page_id=59\" class=\"more-link\">Continuer la lecture de <span class=\"screen-reader-text\">M20<\/span> <span class=\"meta-nav\">&rarr;<\/span><\/a><\/p>\n","protected":false},"author":1,"featured_media":0,"parent":49,"menu_order":2,"comment_status":"closed","ping_status":"closed","template":"","meta":{"footnotes":""},"class_list":["post-59","page","type-page","status-publish","hentry"],"_links":{"self":[{"href":"https:\/\/carburant-modelisme.com\/index.php?rest_route=\/wp\/v2\/pages\/59","targetHints":{"allow":["GET"]}}],"collection":[{"href":"https:\/\/carburant-modelisme.com\/index.php?rest_route=\/wp\/v2\/pages"}],"about":[{"href":"https:\/\/carburant-modelisme.com\/index.php?rest_route=\/wp\/v2\/types\/page"}],"author":[{"embeddable":true,"href":"https:\/\/carburant-modelisme.com\/index.php?rest_route=\/wp\/v2\/users\/1"}],"replies":[{"embeddable":true,"href":"https:\/\/carburant-modelisme.com\/index.php?rest_route=%2Fwp%2Fv2%2Fcomments&post=59"}],"version-history":[{"count":5,"href":"https:\/\/carburant-modelisme.com\/index.php?rest_route=\/wp\/v2\/pages\/59\/revisions"}],"predecessor-version":[{"id":1859,"href":"https:\/\/carburant-modelisme.com\/index.php?rest_route=\/wp\/v2\/pages\/59\/revisions\/1859"}],"up":[{"embeddable":true,"href":"https:\/\/carburant-modelisme.com\/index.php?rest_route=\/wp\/v2\/pages\/49"}],"wp:attachment":[{"href":"https:\/\/carburant-modelisme.com\/index.php?rest_route=%2Fwp%2Fv2%2Fmedia&parent=59"}],"curies":[{"name":"wp","href":"https:\/\/api.w.org\/{rel}","templated":true}]}}