{"id":57,"date":"2014-04-25T16:50:30","date_gmt":"2014-04-25T15:50:30","guid":{"rendered":"http:\/\/carburant-modelisme.com\/?page_id=57"},"modified":"2022-05-16T08:28:09","modified_gmt":"2022-05-16T07:28:09","slug":"m2","status":"publish","type":"page","link":"https:\/\/carburant-modelisme.com\/?page_id=57","title":{"rendered":"M2"},"content":{"rendered":"<p style=\"text-align: center;\"><a href=\"http:\/\/carburant-modelisme.com\/wp-content\/uploads\/2022\/05\/M2-r\u00e9duit.jpg\"><img loading=\"lazy\" decoding=\"async\" class=\"alignnone size-medium wp-image-1829\" src=\"http:\/\/carburant-modelisme.com\/wp-content\/uploads\/2022\/05\/M2-r\u00e9duit-208x300.jpg\" alt=\"\" width=\"208\" height=\"300\" srcset=\"https:\/\/carburant-modelisme.com\/wp-content\/uploads\/2022\/05\/M2-r\u00e9duit-208x300.jpg 208w, https:\/\/carburant-modelisme.com\/wp-content\/uploads\/2022\/05\/M2-r\u00e9duit.jpg 400w\" sizes=\"auto, (max-width: 208px) 100vw, 208px\" \/><\/a><\/p>\n<h2><a title=\"Lien permanent vers RV (Rodage Voiture) \u00ab\u00a0Dangereux-Respecter les pr\u00e9cautions d\u2019emploi\u00a0\u00bb\" href=\"http:\/\/www.carburant-modelisme.com\/nos-produits\/carburant-voiture\/rv-rodage-voiture\/\" rel=\"bookmark\">\u00ab\u00a0Dangereux-Respecter les pr\u00e9cautions d\u2019emploi\u00a0\u00bb<\/a><\/h2>\n<p><strong>Usages :<\/strong> Ce carburant hemi-synth\u00e8se est constitue de 9% ricin, 9% synth\u00e8se, 5% Nitrom\u00e9thane, Emadox\u00ae M, M\u00e9thanol.<\/p>\n<p>C\u2019est un carburant id\u00e9al pour les moteurs 2T non segmentes, type ABS.<\/p>\n<p>Il\u00a0est particuli\u00e8rement adapt\u00e9\u00a0 aux moteurs \u00a0\u00bb \u00e9conomiques\u00a0\u00bb a vilebrequin port\u00e9\u00a0 sur palier bronze, il apporte aussi une grande s\u00e9curit\u00e9\u00a0 d&rsquo;utilisation \u00e0\u00a0 tous les utilisateurs de moteur \u00e0 vilebrequin port\u00e9\u00a0 sur roulements, surtout par temp\u00e9ratures\u00a0 lev\u00e9es.\u00a0 \u00a0 \u00a0 \u00a0 \u00a0 \u00a0 \u00a0 \u00a0 \u00a0 \u00a0 Particuli\u00e8rement recommand\u00e9\u00a0 pour les rodages de moteurs qu&rsquo;ils soient sur palier bronze ou sur roulements, avec ou sans segments<\/p>\n<p><strong>Carasteristiques :<\/strong><br \/>\nCarburant incolore<br \/>\nDensite : 0.85<br \/>\nNitromethane : 5%<br \/>\nHuiles : 18%<\/p>\n<p><strong>Avantages :<\/strong> Grace \u00e0 l\u2019Emadox\u00aeM, il ne gomme pas les moteurs. Les caract\u00e9ristiques de l\u2019huile de synth\u00e8se am\u00e8ne une augmentation de puissance tr\u00e8s appr\u00e9ci\u00e9e en 3D ou dans les turbines. C\u2019est un tr\u00e8s bon carburant pour les loisirs dominicaux<\/p>\n<p><strong>Conseils :<\/strong> Nous d\u00e9conseillons son utilisation dans les moteurs 4T, risque d\u2019encrassement des tiges de soupapes.<br \/>\nPour les p\u00e9riodes de repos, penser \u00e0 injecter de l\u2019<a href=\"http:\/\/carburant-modelisme.com\/?page_id=77\"><strong>After Run LABEMA<\/strong> <\/a>par la bougies et\/ou le carburateur, et bien impr\u00e9gner le moteur.<\/p>\n<p style=\"text-align: center;\"><strong><span style=\"color: #ff0000;\">Aucune corrosion m\u00eame pour de tr\u00e8s longues immobilisations et re-d\u00e9marrage facile<\/span><\/strong><\/p>\n","protected":false},"excerpt":{"rendered":"<p>\u00ab\u00a0Dangereux-Respecter les pr\u00e9cautions d\u2019emploi\u00a0\u00bb Usages : Ce carburant hemi-synth\u00e8se est constitue de 9% ricin, 9% synth\u00e8se, 5% Nitrom\u00e9thane, Emadox\u00ae M, M\u00e9thanol. C\u2019est un carburant id\u00e9al pour les moteurs 2T non segmentes, type ABS. Il\u00a0est particuli\u00e8rement adapt\u00e9\u00a0 aux moteurs \u00a0\u00bb \u00e9conomiques\u00a0\u00bb a vilebrequin port\u00e9\u00a0 sur palier bronze, il apporte aussi une grande s\u00e9curit\u00e9\u00a0 d&rsquo;utilisation \u00e0\u00a0 tous &hellip; <a href=\"https:\/\/carburant-modelisme.com\/?page_id=57\" class=\"more-link\">Continuer la lecture de <span class=\"screen-reader-text\">M2<\/span> <span class=\"meta-nav\">&rarr;<\/span><\/a><\/p>\n","protected":false},"author":1,"featured_media":0,"parent":49,"menu_order":1,"comment_status":"closed","ping_status":"closed","template":"","meta":{"footnotes":""},"class_list":["post-57","page","type-page","status-publish","hentry"],"_links":{"self":[{"href":"https:\/\/carburant-modelisme.com\/index.php?rest_route=\/wp\/v2\/pages\/57","targetHints":{"allow":["GET"]}}],"collection":[{"href":"https:\/\/carburant-modelisme.com\/index.php?rest_route=\/wp\/v2\/pages"}],"about":[{"href":"https:\/\/carburant-modelisme.com\/index.php?rest_route=\/wp\/v2\/types\/page"}],"author":[{"embeddable":true,"href":"https:\/\/carburant-modelisme.com\/index.php?rest_route=\/wp\/v2\/users\/1"}],"replies":[{"embeddable":true,"href":"https:\/\/carburant-modelisme.com\/index.php?rest_route=%2Fwp%2Fv2%2Fcomments&post=57"}],"version-history":[{"count":12,"href":"https:\/\/carburant-modelisme.com\/index.php?rest_route=\/wp\/v2\/pages\/57\/revisions"}],"predecessor-version":[{"id":1855,"href":"https:\/\/carburant-modelisme.com\/index.php?rest_route=\/wp\/v2\/pages\/57\/revisions\/1855"}],"up":[{"embeddable":true,"href":"https:\/\/carburant-modelisme.com\/index.php?rest_route=\/wp\/v2\/pages\/49"}],"wp:attachment":[{"href":"https:\/\/carburant-modelisme.com\/index.php?rest_route=%2Fwp%2Fv2%2Fmedia&parent=57"}],"curies":[{"name":"wp","href":"https:\/\/api.w.org\/{rel}","templated":true}]}}