{"id":53,"date":"2014-04-25T16:45:08","date_gmt":"2014-04-25T15:45:08","guid":{"rendered":"http:\/\/carburant-modelisme.com\/?page_id=53"},"modified":"2021-11-18T14:41:13","modified_gmt":"2021-11-18T13:41:13","slug":"carburant-helicoptere","status":"publish","type":"page","link":"https:\/\/carburant-modelisme.com\/?page_id=53","title":{"rendered":"Carburant H\u00e9licopt\u00e8re"},"content":{"rendered":"<p><strong>CARBURANT H\u00c9LICOPT\u00c8RE :<\/strong><\/p>\n<ul>\n<li>M17<\/li>\n<li>FURIOUS FUEL<\/li>\n<\/ul>\n","protected":false},"excerpt":{"rendered":"<p>CARBURANT H\u00c9LICOPT\u00c8RE : M17 FURIOUS FUEL<\/p>\n","protected":false},"author":1,"featured_media":0,"parent":12,"menu_order":0,"comment_status":"closed","ping_status":"closed","template":"","meta":{"footnotes":""},"class_list":["post-53","page","type-page","status-publish","hentry"],"_links":{"self":[{"href":"https:\/\/carburant-modelisme.com\/index.php?rest_route=\/wp\/v2\/pages\/53","targetHints":{"allow":["GET"]}}],"collection":[{"href":"https:\/\/carburant-modelisme.com\/index.php?rest_route=\/wp\/v2\/pages"}],"about":[{"href":"https:\/\/carburant-modelisme.com\/index.php?rest_route=\/wp\/v2\/types\/page"}],"author":[{"embeddable":true,"href":"https:\/\/carburant-modelisme.com\/index.php?rest_route=\/wp\/v2\/users\/1"}],"replies":[{"embeddable":true,"href":"https:\/\/carburant-modelisme.com\/index.php?rest_route=%2Fwp%2Fv2%2Fcomments&post=53"}],"version-history":[{"count":2,"href":"https:\/\/carburant-modelisme.com\/index.php?rest_route=\/wp\/v2\/pages\/53\/revisions"}],"predecessor-version":[{"id":1675,"href":"https:\/\/carburant-modelisme.com\/index.php?rest_route=\/wp\/v2\/pages\/53\/revisions\/1675"}],"up":[{"embeddable":true,"href":"https:\/\/carburant-modelisme.com\/index.php?rest_route=\/wp\/v2\/pages\/12"}],"wp:attachment":[{"href":"https:\/\/carburant-modelisme.com\/index.php?rest_route=%2Fwp%2Fv2%2Fmedia&parent=53"}],"curies":[{"name":"wp","href":"https:\/\/api.w.org\/{rel}","templated":true}]}}