{"id":51,"date":"2014-04-25T16:44:36","date_gmt":"2014-04-25T15:44:36","guid":{"rendered":"http:\/\/carburant-modelisme.com\/?page_id=51"},"modified":"2014-04-25T16:44:36","modified_gmt":"2014-04-25T15:44:36","slug":"carburant-avion-4temps","status":"publish","type":"page","link":"https:\/\/carburant-modelisme.com\/?page_id=51","title":{"rendered":"Carburant Avion 4Temps"},"content":{"rendered":"<p><strong>CARBURANT AVION 4 TEMPS :<\/strong><\/p>\n<ul>\n<li>M1.2 \u00a0 10%<\/li>\n<li>M11.25\u00a0 25%<\/li>\n<li>CDI Sp\u00e9cial pour Yamada 4T \u00e0 allumage \u00e9lectronique. 25%<\/li>\n<li>RS Radial pour moteurs Siedel 5%<\/li>\n<\/ul>\n","protected":false},"excerpt":{"rendered":"<p>CARBURANT AVION 4 TEMPS : M1.2 \u00a0 10% M11.25\u00a0 25% CDI Sp\u00e9cial pour Yamada 4T \u00e0 allumage \u00e9lectronique. 25% RS Radial pour moteurs Siedel 5%<\/p>\n","protected":false},"author":1,"featured_media":0,"parent":12,"menu_order":0,"comment_status":"closed","ping_status":"closed","template":"","meta":{"footnotes":""},"class_list":["post-51","page","type-page","status-publish","hentry"],"_links":{"self":[{"href":"https:\/\/carburant-modelisme.com\/index.php?rest_route=\/wp\/v2\/pages\/51","targetHints":{"allow":["GET"]}}],"collection":[{"href":"https:\/\/carburant-modelisme.com\/index.php?rest_route=\/wp\/v2\/pages"}],"about":[{"href":"https:\/\/carburant-modelisme.com\/index.php?rest_route=\/wp\/v2\/types\/page"}],"author":[{"embeddable":true,"href":"https:\/\/carburant-modelisme.com\/index.php?rest_route=\/wp\/v2\/users\/1"}],"replies":[{"embeddable":true,"href":"https:\/\/carburant-modelisme.com\/index.php?rest_route=%2Fwp%2Fv2%2Fcomments&post=51"}],"version-history":[{"count":1,"href":"https:\/\/carburant-modelisme.com\/index.php?rest_route=\/wp\/v2\/pages\/51\/revisions"}],"predecessor-version":[{"id":52,"href":"https:\/\/carburant-modelisme.com\/index.php?rest_route=\/wp\/v2\/pages\/51\/revisions\/52"}],"up":[{"embeddable":true,"href":"https:\/\/carburant-modelisme.com\/index.php?rest_route=\/wp\/v2\/pages\/12"}],"wp:attachment":[{"href":"https:\/\/carburant-modelisme.com\/index.php?rest_route=%2Fwp%2Fv2%2Fmedia&parent=51"}],"curies":[{"name":"wp","href":"https:\/\/api.w.org\/{rel}","templated":true}]}}