{"id":412,"date":"2014-05-07T10:08:15","date_gmt":"2014-05-07T09:08:15","guid":{"rendered":"http:\/\/carburant-modelisme.com\/?page_id=412"},"modified":"2019-08-26T08:14:36","modified_gmt":"2019-08-26T07:14:36","slug":"mentions-legales","status":"publish","type":"page","link":"https:\/\/carburant-modelisme.com\/?page_id=412","title":{"rendered":"Mentions L\u00e9gales"},"content":{"rendered":"<h1>Mentions l\u00e9gales<\/h1>\n<p><b>I \u2013 Informations g\u00e9n\u00e9rales <\/b><br \/>\n&#8212;&#8212;&#8212;&#8212;&#8212;&#8212;&#8212;&#8212;&#8212;&#8212;&#8212;&#8212;&#8212;&#8212;&#8212;&#8212;&#8212;-<\/p>\n<p>ce site est \u00e9dit\u00e9 par la soci\u00e9t\u00e9 LABORATOIRES LABEMA,<br \/>\nSAS au capital social de 300 000\u20ac\u00a0, dont le si\u00e8ge social est situ\u00e9 :<br \/>\nRUE DENIS PAPIN<br \/>\nZA ADELE BOURDON<br \/>\n42420 LORETTE<br \/>\nimmatricul\u00e9e au registre du commerce des soci\u00e9t\u00e9s sous le num\u00e9ro : R.C.S. ST ETIENNE 353 510 050, num\u00e9ro de TVA FR62353510050.<\/p>\n<p>SIREN, 353 510 050.<br \/>\nSIRET, 353 510 050 00027<\/p>\n<p>Directeur de la Publication : M. LARONZE Jean-Pierre<\/p>\n<p>H\u00e9bergement : ONLINE.net<\/p>\n<p><b>II &#8211; Propri\u00e9t\u00e9 intellectuelle <\/b><br \/>\n&#8212;&#8212;&#8212;&#8212;&#8212;&#8212;&#8212;&#8212;&#8212;&#8212;&#8212;&#8212;&#8212;&#8212;&#8212;&#8212;&#8212;-<br \/>\nLabema est une marque d\u00e9pos\u00e9e.<br \/>\n\u00ab\u00a0Future is vegetal\u00a0\u00bb est une marque d\u00e9pos\u00e9e.<br \/>\n\u00ab\u00a0VEGERUST\u00a0\u00bb est une marque d\u00e9pos\u00e9e.<\/p>\n<p>Tout le contenu de ce site, logos, marques, graphismes, illustrations, images, image photographique, animation, fichier Flash, film ou s\u00e9quence vid\u00e9o, repr\u00e9sentation visuelle, textes et ic\u00f4nes ainsi que leur mise en forme sont la propri\u00e9t\u00e9 exclusive de la soci\u00e9t\u00e9 LABORATOIRES LABEMA \u00e0 l&rsquo;exception des marques, logos ou contenus appartenant \u00e0 d&rsquo;autres soci\u00e9t\u00e9s partenaires.<\/p>\n<p>Ce site est une oeuvre de cr\u00e9ation, propri\u00e9t\u00e9 exclusive de la soci\u00e9t\u00e9 LABORATOIRES LABEMA, prot\u00e9g\u00e9 par la l\u00e9gislation fran\u00e7aise et internationale sur le droit de la propri\u00e9t\u00e9 intellectuelle. Toute reproduction, repr\u00e9sentation, traduction, adaptation, ou citation qu&rsquo;elle soit int\u00e9grale ou partielle, quelqu&rsquo;en soit le proc\u00e9d\u00e9, est strictement interdite sans autorisation de la soci\u00e9t\u00e9 LABORATOIRES LABEMA. Aucune reproduction ou repr\u00e9sentation ne peut \u00eatre r\u00e9alis\u00e9e en contravention avec les droits de la soci\u00e9t\u00e9 LABORATOIRES LABEMA issus de la l\u00e9gislation susvis\u00e9e.<\/p>\n<p>&#8211; Protections et droit \u00e0 l&rsquo;image :<br \/>\nUne partie des photographies et illustrations pr\u00e9sentes sur ce site sont la propri\u00e9t\u00e9 de la soci\u00e9t\u00e9 LABORATOIRES LABEMA qui les a r\u00e9alis\u00e9es. Elles ne peuvent pas, conform\u00e9ment aux dispositions du Code de la propri\u00e9t\u00e9 intellectuelle, \u00eatre utilis\u00e9es et reproduites sans autorisation expresse de la soci\u00e9t\u00e9 LABORATOIRES LABEMA.<\/p>\n<p>&#8211; \u00a9 Cr\u00e9dits photos:<br \/>\niStockphoto\u00ae,<br \/>\nDreamstime\u00ae,<br \/>\nLaboratoires LABEMA\u00ae.<\/p>\n<p>Les marques cit\u00e9es sont la propri\u00e9t\u00e9 de leurs d\u00e9tenteurs respectifs.<\/p>\n<p>Photos non contractuelles.<\/p>\n<p><b>III \u2013 Conditions d&rsquo;utilisation :<\/b><br \/>\n&#8212;&#8212;&#8212;&#8212;&#8212;&#8212;&#8212;&#8212;&#8212;&#8212;&#8212;&#8212;&#8212;&#8212;&#8212;&#8212;&#8212;-<br \/>\n&#8211; Clause de non-responsabilit\u00e9 :<br \/>\nLa responsabilit\u00e9 de la soci\u00e9t\u00e9 LABORATOIRES LABEMA ne peut, en aucune mani\u00e8re, \u00eatre engag\u00e9e quant au contenu des informations figurant sur ce site ou aux cons\u00e9quences pouvant r\u00e9sulter de leur utilisation ou interpr\u00e9tation.<br \/>\n&#8211; Liens hypertextes :<br \/>\nLa mise en place de liens hypertextes par des tiers vers des pages ou des documents diffus\u00e9s sur ce site est autoris\u00e9e sous r\u00e9serve que les liens ne contreviennent pas aux int\u00e9r\u00eats de la soci\u00e9t\u00e9 LABORATOIRES LABEMA, et, qu&rsquo;ils garantissent la possibilit\u00e9 pour l&rsquo;utilisateur d&rsquo;identifier l&rsquo;origine et l&rsquo;auteur du document.<\/p>\n<p><b>IV \u2013 Confidentialit\u00e9<\/b><br \/>\n&#8212;&#8212;&#8212;&#8212;&#8212;&#8212;&#8212;&#8212;&#8212;&#8212;&#8212;&#8212;&#8212;&#8212;&#8212;&#8212;&#8212;-<br \/>\nDans le cadre de la loi Informatiques et Libert\u00e9s, la soci\u00e9t\u00e9 LABORATOIRES LABEMA s&rsquo;engage \u00e0 respecter les dispositions r\u00e9glementaires et d\u00e9ontologiques sur la protection des donn\u00e9es \u00e0 caract\u00e8re personnel pouvant \u00eatre collect\u00e9s sur ce site.<br \/>\nLes informations enregistr\u00e9es sur le site sont soit des donn\u00e9es non personnalis\u00e9es sur les pages visit\u00e9es, soit des informations fournies volontairement par le visiteur lors de l&rsquo;envoi d&rsquo;un e-mail. Ces informations sont r\u00e9serv\u00e9es \u00e0 un usage strictement interne.<br \/>\nLes donn\u00e9es relatives aux connexions des visiteurs sont exploit\u00e9es sous forme non nominative, \u00e0 des fins statistiques. Conform\u00e9ment \u00e0 la loi Informatique et Libert\u00e9 du 6 janvier 1978, vous disposez d&rsquo;un droit d&rsquo;acc\u00e8s, de rectification et de suppression des donn\u00e9es personnelles vous concernant. Pour exercer ce droit, vous pouvez adresser un courrier \u00e0 l&rsquo;adresse suivante : LABORATOIRES LABEMA &#8211; RUE DENIS PAPIN &#8211; ZA ADELE BOURDON &#8211; 42420 LORETTE.<\/p>\n<p><b>V \u2013 Commercialisation <\/b><br \/>\n&#8212;&#8212;&#8212;&#8212;&#8212;&#8212;&#8212;&#8212;&#8212;&#8212;&#8212;&#8212;&#8212;&#8212;&#8212;&#8212;&#8212;-<br \/>\nTous nos produits sont conformes \u00e0 la r\u00e9glementation europ\u00e9enne.<\/p>\n","protected":false},"excerpt":{"rendered":"<p>Mentions l\u00e9gales I \u2013 Informations g\u00e9n\u00e9rales &#8212;&#8212;&#8212;&#8212;&#8212;&#8212;&#8212;&#8212;&#8212;&#8212;&#8212;&#8212;&#8212;&#8212;&#8212;&#8212;&#8212;- ce site est \u00e9dit\u00e9 par la soci\u00e9t\u00e9 LABORATOIRES LABEMA, SAS au capital social de 300 000\u20ac\u00a0, dont le si\u00e8ge social est situ\u00e9 : RUE DENIS PAPIN ZA ADELE BOURDON 42420 LORETTE immatricul\u00e9e au registre du commerce des soci\u00e9t\u00e9s sous le num\u00e9ro : R.C.S. ST ETIENNE 353 510 050, &hellip; <a href=\"https:\/\/carburant-modelisme.com\/?page_id=412\" class=\"more-link\">Continuer la lecture de <span class=\"screen-reader-text\">Mentions L\u00e9gales<\/span> <span class=\"meta-nav\">&rarr;<\/span><\/a><\/p>\n","protected":false},"author":1,"featured_media":0,"parent":8,"menu_order":0,"comment_status":"closed","ping_status":"closed","template":"","meta":{"footnotes":""},"class_list":["post-412","page","type-page","status-publish","hentry"],"_links":{"self":[{"href":"https:\/\/carburant-modelisme.com\/index.php?rest_route=\/wp\/v2\/pages\/412","targetHints":{"allow":["GET"]}}],"collection":[{"href":"https:\/\/carburant-modelisme.com\/index.php?rest_route=\/wp\/v2\/pages"}],"about":[{"href":"https:\/\/carburant-modelisme.com\/index.php?rest_route=\/wp\/v2\/types\/page"}],"author":[{"embeddable":true,"href":"https:\/\/carburant-modelisme.com\/index.php?rest_route=\/wp\/v2\/users\/1"}],"replies":[{"embeddable":true,"href":"https:\/\/carburant-modelisme.com\/index.php?rest_route=%2Fwp%2Fv2%2Fcomments&post=412"}],"version-history":[{"count":3,"href":"https:\/\/carburant-modelisme.com\/index.php?rest_route=\/wp\/v2\/pages\/412\/revisions"}],"predecessor-version":[{"id":1637,"href":"https:\/\/carburant-modelisme.com\/index.php?rest_route=\/wp\/v2\/pages\/412\/revisions\/1637"}],"up":[{"embeddable":true,"href":"https:\/\/carburant-modelisme.com\/index.php?rest_route=\/wp\/v2\/pages\/8"}],"wp:attachment":[{"href":"https:\/\/carburant-modelisme.com\/index.php?rest_route=%2Fwp%2Fv2%2Fmedia&parent=412"}],"curies":[{"name":"wp","href":"https:\/\/api.w.org\/{rel}","templated":true}]}}