{"id":41,"date":"2014-04-25T16:09:54","date_gmt":"2014-04-25T15:09:54","guid":{"rendered":"http:\/\/carburant-modelisme.com\/?page_id=41"},"modified":"2022-05-15T10:14:50","modified_gmt":"2022-05-15T09:14:50","slug":"m4","status":"publish","type":"page","link":"https:\/\/carburant-modelisme.com\/?page_id=41","title":{"rendered":"M4"},"content":{"rendered":"<p style=\"text-align: center;\"><a href=\"http:\/\/carburant-modelisme.com\/wp-content\/uploads\/2022\/05\/M4-5-3-et-1-L-2.JPG-r\u00e9duit.jpg\"><img loading=\"lazy\" decoding=\"async\" class=\"alignnone size-medium wp-image-1842\" src=\"http:\/\/carburant-modelisme.com\/wp-content\/uploads\/2022\/05\/M4-5-3-et-1-L-2.JPG-r\u00e9duit-300x222.jpg\" alt=\"\" width=\"300\" height=\"222\" srcset=\"https:\/\/carburant-modelisme.com\/wp-content\/uploads\/2022\/05\/M4-5-3-et-1-L-2.JPG-r\u00e9duit-300x222.jpg 300w, https:\/\/carburant-modelisme.com\/wp-content\/uploads\/2022\/05\/M4-5-3-et-1-L-2.JPG-r\u00e9duit.jpg 700w\" sizes=\"auto, (max-width: 300px) 100vw, 300px\" \/><\/a><\/p>\n<h2><a title=\"Lien permanent vers RV (Rodage Voiture) \u00ab\u00a0Dangereux-Respecter les pr\u00e9cautions d\u2019emploi\u00a0\u00bb\" href=\"http:\/\/www.carburant-modelisme.com\/nos-produits\/carburant-voiture\/rv-rodage-voiture\/\" rel=\"bookmark\">\u00ab\u00a0Dangereux-Respecter les pr\u00e9cautions d\u2019emploi\u00a0\u00bb<\/a><\/h2>\n<p><strong>Usages : <\/strong>Ce carburant h\u00e9misynth\u00e8se est constitue de 8% ricin, 8% synth\u00e8se, 11% Nitromethane, Emadox\u00ae M, M\u00e9thanol. C\u2019est un carburant id\u00e9al pour le loisir, et les d\u00e9butants.<\/p>\n<p><strong>Caract\u00e9ristiques :<\/strong><\/p>\n<div>Carburant incolore<\/div>\n<div>Densite : 0.87<\/div>\n<div>Nitromethane : 11%<br \/>\nHuiles : 16%<\/div>\n<div><a href=\"http:\/\/www.carburant-modelisme.com\/wp-content\/uploads\/2010\/06\/M4.jpg\">\u00a0<\/a><\/div>\n<div><strong>Avantages : <\/strong>Grace a l\u2019Emadox\u00aeM, il ne gomme pas les moteurs. Les caracteristiques de l\u2019huile de synthese facilite les demarrage, et la tenue du ralenti, le taux de Nitromethane facilite les reglages pour les debutants.<\/div>\n<p>C\u2019est un tres bon carburant pour les loisirs dominicaux.<\/p>\n<p><span style=\"color: #000000;\"><strong>Conseils : <\/strong>Pas de prise de t\u00e8te pour les revendeurs, cela marche a tous les coups, d\u00e9marrage r\u00e9glages sans soucis <\/span><\/p>\n<p><span style=\"color: #000000;\">Pour les p\u00e9riodes de repos, penser \u00e0 injecter de l\u2019<a href=\"http:\/\/carburant-modelisme.com\/?page_id=77\"><strong><span style=\"color: #ff0000;\">After Run LABEMA<\/span><\/strong><\/a> par la bougies et\/ou le carburateur, et bien impr\u00e9gner le moteur. Aucune corrosion m\u00eame pour de tr\u00e8s longues immobilisations et red\u00e9marrage facile<\/span><\/p>\n","protected":false},"excerpt":{"rendered":"<p>\u00ab\u00a0Dangereux-Respecter les pr\u00e9cautions d\u2019emploi\u00a0\u00bb Usages : Ce carburant h\u00e9misynth\u00e8se est constitue de 8% ricin, 8% synth\u00e8se, 11% Nitromethane, Emadox\u00ae M, M\u00e9thanol. C\u2019est un carburant id\u00e9al pour le loisir, et les d\u00e9butants. Caract\u00e9ristiques : Carburant incolore Densite : 0.87 Nitromethane : 11% Huiles : 16% \u00a0 Avantages : Grace a l\u2019Emadox\u00aeM, il ne gomme pas les &hellip; <a href=\"https:\/\/carburant-modelisme.com\/?page_id=41\" class=\"more-link\">Continuer la lecture de <span class=\"screen-reader-text\">M4<\/span> <span class=\"meta-nav\">&rarr;<\/span><\/a><\/p>\n","protected":false},"author":1,"featured_media":0,"parent":32,"menu_order":2,"comment_status":"closed","ping_status":"closed","template":"","meta":{"footnotes":""},"class_list":["post-41","page","type-page","status-publish","hentry"],"_links":{"self":[{"href":"https:\/\/carburant-modelisme.com\/index.php?rest_route=\/wp\/v2\/pages\/41","targetHints":{"allow":["GET"]}}],"collection":[{"href":"https:\/\/carburant-modelisme.com\/index.php?rest_route=\/wp\/v2\/pages"}],"about":[{"href":"https:\/\/carburant-modelisme.com\/index.php?rest_route=\/wp\/v2\/types\/page"}],"author":[{"embeddable":true,"href":"https:\/\/carburant-modelisme.com\/index.php?rest_route=\/wp\/v2\/users\/1"}],"replies":[{"embeddable":true,"href":"https:\/\/carburant-modelisme.com\/index.php?rest_route=%2Fwp%2Fv2%2Fcomments&post=41"}],"version-history":[{"count":4,"href":"https:\/\/carburant-modelisme.com\/index.php?rest_route=\/wp\/v2\/pages\/41\/revisions"}],"predecessor-version":[{"id":1866,"href":"https:\/\/carburant-modelisme.com\/index.php?rest_route=\/wp\/v2\/pages\/41\/revisions\/1866"}],"up":[{"embeddable":true,"href":"https:\/\/carburant-modelisme.com\/index.php?rest_route=\/wp\/v2\/pages\/32"}],"wp:attachment":[{"href":"https:\/\/carburant-modelisme.com\/index.php?rest_route=%2Fwp%2Fv2%2Fmedia&parent=41"}],"curies":[{"name":"wp","href":"https:\/\/api.w.org\/{rel}","templated":true}]}}