{"id":28,"date":"2014-04-25T15:49:17","date_gmt":"2014-04-25T14:49:17","guid":{"rendered":"http:\/\/carburant-modelisme.com\/?page_id=28"},"modified":"2022-05-15T10:16:55","modified_gmt":"2022-05-15T09:16:55","slug":"m26-tt","status":"publish","type":"page","link":"https:\/\/carburant-modelisme.com\/?page_id=28","title":{"rendered":"ONE 16"},"content":{"rendered":"<h5 style=\"text-align: center;\"><a title=\"Lien permanent vers RV (Rodage Voiture) \u00ab\u00a0Dangereux-Respecter les pr\u00e9cautions d\u2019emploi\u00a0\u00bb\" href=\"http:\/\/www.carburant-modelisme.com\/nos-produits\/carburant-voiture\/rv-rodage-voiture\/\" rel=\"bookmark\">\u00ab\u00a0Dangereux-Respecter les pr\u00e9cautions d\u2019emploi\u00a0\u00bb<\/a><\/h5>\n<p style=\"text-align: center;\"><a href=\"http:\/\/carburant-modelisme.com\/wp-content\/uploads\/2022\/05\/ONE-16.jpg\"><img loading=\"lazy\" decoding=\"async\" class=\"alignnone size-medium wp-image-1850\" src=\"http:\/\/carburant-modelisme.com\/wp-content\/uploads\/2022\/05\/ONE-16-216x300.jpg\" alt=\"\" width=\"216\" height=\"300\" srcset=\"https:\/\/carburant-modelisme.com\/wp-content\/uploads\/2022\/05\/ONE-16-216x300.jpg 216w, https:\/\/carburant-modelisme.com\/wp-content\/uploads\/2022\/05\/ONE-16-768x1069.jpg 768w, https:\/\/carburant-modelisme.com\/wp-content\/uploads\/2022\/05\/ONE-16-736x1024.jpg 736w\" sizes=\"auto, (max-width: 216px) 100vw, 216px\" \/><\/a><\/p>\n<p><strong>Usage :<\/strong> Ce carburant hemi-synthese est constitue de ricin, et synth\u00e8se,\u00a0 Nitromethane, Emadox\u00ae , Methanol.<\/p>\n<p>C\u2019est une \u00e9volution COMP\u00c9TITION du LABEMAX ,<\/p>\n<p><strong>Caract\u00e9ristiques :<\/strong><br \/>\nCarburant incolore \u00e0 faiblement ambr\u00e9<br \/>\nDensit\u00e9 : 0.86<br \/>\nNitromethane : 16%<br \/>\nHuiles : confidentiel<\/p>\n<p><strong>Avantage : <\/strong>C\u2019est l\u2019aboutissement d\u2019une collaboration efficace entre la piste et le labo. Le r\u00e9sultat est \u00ab bluffant \u00bb : ralenti tr\u00e8s stables, reprises fulgurantes, puissance. Le plus beau compliment d\u2019un comp\u00e9titeur : \u00ab\u00a0<em>Depuis que j\u2019utilise le LABEMA, je me concentre sur les r\u00e9glages de la voiture, j\u2019oublie que j\u2019ai un moteur !<\/em> \u00a0\u00bb<\/p>\n<p>Du fait de la nature chimique de l\u2019Emadox , on aura un \u00ab poli glac\u00e9 des chemises \u00bb que l\u2019on ne retrouve pas avec d\u2019autres carburants.<\/p>\n<p><strong>Conseils :<\/strong><span style=\"color: #ff0000;\"> Attention aux r\u00e9glages, nos carburants fument beaucoup, ne pas trop \u00ab serrer \u00bb le pointeau.<\/span> Pour les p\u00e9riodes de repos, penser \u00e0 injecter de l\u2019<a href=\"http:\/\/carburant-modelisme.com\/?page_id=77\"><span style=\"color: #ff0000;\"><strong>After Run LABEMA<\/strong><\/span><\/a> par la bougies et\/ou le carburateur, et bien impr\u00e9gner le moteur. Aucune corrosion m\u00eame pour de tr\u00e8s longues immobilisations et red\u00e9marrage facile<\/p>\n","protected":false},"excerpt":{"rendered":"<p>\u00ab\u00a0Dangereux-Respecter les pr\u00e9cautions d\u2019emploi\u00a0\u00bb Usage : Ce carburant hemi-synthese est constitue de ricin, et synth\u00e8se,\u00a0 Nitromethane, Emadox\u00ae , Methanol. C\u2019est une \u00e9volution COMP\u00c9TITION du LABEMAX , Caract\u00e9ristiques : Carburant incolore \u00e0 faiblement ambr\u00e9 Densit\u00e9 : 0.86 Nitromethane : 16% Huiles : confidentiel Avantage : C\u2019est l\u2019aboutissement d\u2019une collaboration efficace entre la piste et le labo. &hellip; <a href=\"https:\/\/carburant-modelisme.com\/?page_id=28\" class=\"more-link\">Continuer la lecture de <span class=\"screen-reader-text\">ONE 16<\/span> <span class=\"meta-nav\">&rarr;<\/span><\/a><\/p>\n","protected":false},"author":1,"featured_media":0,"parent":32,"menu_order":4,"comment_status":"closed","ping_status":"closed","template":"","meta":{"footnotes":""},"class_list":["post-28","page","type-page","status-publish","hentry"],"_links":{"self":[{"href":"https:\/\/carburant-modelisme.com\/index.php?rest_route=\/wp\/v2\/pages\/28","targetHints":{"allow":["GET"]}}],"collection":[{"href":"https:\/\/carburant-modelisme.com\/index.php?rest_route=\/wp\/v2\/pages"}],"about":[{"href":"https:\/\/carburant-modelisme.com\/index.php?rest_route=\/wp\/v2\/types\/page"}],"author":[{"embeddable":true,"href":"https:\/\/carburant-modelisme.com\/index.php?rest_route=\/wp\/v2\/users\/1"}],"replies":[{"embeddable":true,"href":"https:\/\/carburant-modelisme.com\/index.php?rest_route=%2Fwp%2Fv2%2Fcomments&post=28"}],"version-history":[{"count":8,"href":"https:\/\/carburant-modelisme.com\/index.php?rest_route=\/wp\/v2\/pages\/28\/revisions"}],"predecessor-version":[{"id":1869,"href":"https:\/\/carburant-modelisme.com\/index.php?rest_route=\/wp\/v2\/pages\/28\/revisions\/1869"}],"up":[{"embeddable":true,"href":"https:\/\/carburant-modelisme.com\/index.php?rest_route=\/wp\/v2\/pages\/32"}],"wp:attachment":[{"href":"https:\/\/carburant-modelisme.com\/index.php?rest_route=%2Fwp%2Fv2%2Fmedia&parent=28"}],"curies":[{"name":"wp","href":"https:\/\/api.w.org\/{rel}","templated":true}]}}