{"id":24,"date":"2014-04-25T15:48:09","date_gmt":"2014-04-25T14:48:09","guid":{"rendered":"http:\/\/carburant-modelisme.com\/?page_id=24"},"modified":"2022-05-15T10:17:56","modified_gmt":"2022-05-15T09:17:56","slug":"labemax-16","status":"publish","type":"page","link":"https:\/\/carburant-modelisme.com\/?page_id=24","title":{"rendered":"LABEMAX 16 Piste"},"content":{"rendered":"<h2><a title=\"Lien permanent vers RV (Rodage Voiture) \u00ab&nbsp;Dangereux-Respecter les pr\u00e9cautions d\u2019emploi&nbsp;\u00bb\" href=\"http:\/\/www.carburant-modelisme.com\/nos-produits\/carburant-voiture\/rv-rodage-voiture\/\" rel=\"bookmark\">\u00ab&nbsp;Dangereux-Respecter les pr\u00e9cautions d\u2019emploi&nbsp;\u00bb<\/a><\/h2>\n<p style=\"text-align: center;\"><a href=\"http:\/\/carburant-modelisme.com\/wp-content\/uploads\/2022\/05\/LABEMAX-16-5-3-et-1-L-r\u00e9duit.jpg\"><img loading=\"lazy\" decoding=\"async\" class=\"alignnone size-medium wp-image-1847\" src=\"http:\/\/carburant-modelisme.com\/wp-content\/uploads\/2022\/05\/LABEMAX-16-5-3-et-1-L-r\u00e9duit-300x226.jpg\" alt=\"\" width=\"300\" height=\"226\" srcset=\"https:\/\/carburant-modelisme.com\/wp-content\/uploads\/2022\/05\/LABEMAX-16-5-3-et-1-L-r\u00e9duit-300x226.jpg 300w, https:\/\/carburant-modelisme.com\/wp-content\/uploads\/2022\/05\/LABEMAX-16-5-3-et-1-L-r\u00e9duit.jpg 700w\" sizes=\"auto, (max-width: 300px) 100vw, 300px\" \/><\/a><\/p>\n<p><strong>Usages :<\/strong> Ce carburant hemi-synthese est constitue de ricin, et synth\u00e8se, 16% Nitromethane, Emadox\u00ae M, Methanol.<br \/>\nCe carburant a \u00e9t\u00e9 d\u00e9velopp\u00e9 avec un banc moteur \u00e9lectronique et optimis\u00e9 en couse.<br \/>\n<strong>C\u2019est le carburant des voitures pistes, le rendement exceptionnel le rend pratiquement aussi performant que les 25% !<\/strong><\/p>\n<p><strong>Carasteristiques :<\/strong><br \/>\nCarburant incolore \u00e0 faiblement ambr\u00e9<br \/>\nDensite : 0.87<br \/>\nNitromethane : 16%<br \/>\nHuiles : confidentiel<\/p>\n<p><strong>Avantages :<\/strong> Les caract\u00e9ristiques de l\u2019huile de synth\u00e8se am\u00e8ne une augmentation de puissance tr\u00e8s appr\u00e9ci\u00e9e, de plus du fait de la nature chimique de l\u2019Emadox M, on aura un \u00ab poli glace des chemises \u00bb que l\u2019on ne retrouve pas avec d\u2019autres carburants.<\/p>\n<p><strong>Conseils :<\/strong> Attention aux r\u00e9glages, nos carburants fument beaucoup, ne pas trop \u00ab serrer \u00bb le pointeau.<br \/>\nPour les p\u00e9riodes de repos, penser \u00e0 injecter de l\u2019<a href=\"http:\/\/carburant-modelisme.com\/?page_id=77\"><span style=\"color: #ff0000;\"><strong>After Run LABEMA <\/strong><\/span><\/a>par la bougies et\/ou le carburateur, et bien impr\u00e9gner le moteur.Aucune corrosion m\u00eame pour de tr\u00e8s longues immobilisations et re-d\u00e9marrage facile.<\/p>\n<p style=\"text-align: center;\">\n<p><img decoding=\"async\" src=\"http:\/\/carburant-modelisme.com\/images\/CORENTIN%20BLAISE%20LABEMAX.jpg\" alt=\"\"><\/p>\n<p>Corentin BLAISE Champion du monde avec le LABEMAX 16%<\/p>\n<p><img decoding=\"async\" src=\"http:\/\/carburant-modelisme.com\/images\/Corentin%20BLAISE.jpg\" alt=\"\"><\/p>\n<p><img decoding=\"async\" src=\"http:\/\/carburant-modelisme.com\/images\/Romain%20DELAUNAY.jpg\" alt=\"\"><\/p>\n<p>Romain DELAUNAY Champion de France avec le LABEMAX 16%<\/p>\n<p><img decoding=\"async\" src=\"http:\/\/carburant-modelisme.com\/images\/Stephan%20NICAUD.jpg\" alt=\"\"><\/p>\n<p>Stephan NICAUD Vice Champion d&rsquo;EUROPE .<\/p>\n","protected":false},"excerpt":{"rendered":"<p>\u00ab&nbsp;Dangereux-Respecter les pr\u00e9cautions d\u2019emploi&nbsp;\u00bb Usages : Ce carburant hemi-synthese est constitue de ricin, et synth\u00e8se, 16% Nitromethane, Emadox\u00ae M, Methanol. Ce carburant a \u00e9t\u00e9 d\u00e9velopp\u00e9 avec un banc moteur \u00e9lectronique et optimis\u00e9 en couse. C\u2019est le carburant des voitures pistes, le rendement exceptionnel le rend pratiquement aussi performant que les 25% ! Carasteristiques : Carburant &hellip; <a href=\"https:\/\/carburant-modelisme.com\/?page_id=24\" class=\"more-link\">Continuer la lecture de <span class=\"screen-reader-text\">LABEMAX 16 Piste<\/span> <span class=\"meta-nav\">&rarr;<\/span><\/a><\/p>\n","protected":false},"author":1,"featured_media":0,"parent":32,"menu_order":3,"comment_status":"closed","ping_status":"closed","template":"","meta":{"footnotes":""},"class_list":["post-24","page","type-page","status-publish","hentry"],"_links":{"self":[{"href":"https:\/\/carburant-modelisme.com\/index.php?rest_route=\/wp\/v2\/pages\/24","targetHints":{"allow":["GET"]}}],"collection":[{"href":"https:\/\/carburant-modelisme.com\/index.php?rest_route=\/wp\/v2\/pages"}],"about":[{"href":"https:\/\/carburant-modelisme.com\/index.php?rest_route=\/wp\/v2\/types\/page"}],"author":[{"embeddable":true,"href":"https:\/\/carburant-modelisme.com\/index.php?rest_route=\/wp\/v2\/users\/1"}],"replies":[{"embeddable":true,"href":"https:\/\/carburant-modelisme.com\/index.php?rest_route=%2Fwp%2Fv2%2Fcomments&post=24"}],"version-history":[{"count":9,"href":"https:\/\/carburant-modelisme.com\/index.php?rest_route=\/wp\/v2\/pages\/24\/revisions"}],"predecessor-version":[{"id":1870,"href":"https:\/\/carburant-modelisme.com\/index.php?rest_route=\/wp\/v2\/pages\/24\/revisions\/1870"}],"up":[{"embeddable":true,"href":"https:\/\/carburant-modelisme.com\/index.php?rest_route=\/wp\/v2\/pages\/32"}],"wp:attachment":[{"href":"https:\/\/carburant-modelisme.com\/index.php?rest_route=%2Fwp%2Fv2%2Fmedia&parent=24"}],"curies":[{"name":"wp","href":"https:\/\/api.w.org\/{rel}","templated":true}]}}