{"id":22,"date":"2014-04-25T15:47:09","date_gmt":"2014-04-25T14:47:09","guid":{"rendered":"http:\/\/carburant-modelisme.com\/?page_id=22"},"modified":"2022-05-15T14:00:42","modified_gmt":"2022-05-15T13:00:42","slug":"rv-rodage-voiture","status":"publish","type":"page","link":"https:\/\/carburant-modelisme.com\/?page_id=22","title":{"rendered":"RV (Rodage Voiture)"},"content":{"rendered":"<h2><a title=\"Lien permanent vers RV (Rodage Voiture) \u00ab\u00a0Dangereux-Respecter les pr\u00e9cautions d\u2019emploi\u00a0\u00bb\" href=\"http:\/\/www.carburant-modelisme.com\/nos-produits\/carburant-voiture\/rv-rodage-voiture\/\" rel=\"bookmark\">\u00ab\u00a0Dangereux-Respecter les pr\u00e9cautions d\u2019emploi\u00a0\u00bb<\/a><\/h2>\n<p style=\"text-align: center;\"><a href=\"http:\/\/carburant-modelisme.com\/wp-content\/uploads\/2022\/05\/RV-r\u00e9duit.jpg\"><img loading=\"lazy\" decoding=\"async\" class=\"alignnone size-medium wp-image-1887\" src=\"http:\/\/carburant-modelisme.com\/wp-content\/uploads\/2022\/05\/RV-r\u00e9duit-145x300.jpg\" alt=\"\" width=\"145\" height=\"300\" srcset=\"https:\/\/carburant-modelisme.com\/wp-content\/uploads\/2022\/05\/RV-r\u00e9duit-145x300.jpg 145w, https:\/\/carburant-modelisme.com\/wp-content\/uploads\/2022\/05\/RV-r\u00e9duit.jpg 400w\" sizes=\"auto, (max-width: 145px) 100vw, 145px\" \/><\/a><\/p>\n<p><strong>Usages : <\/strong>C\u2019est un carburant id\u00e9al pour le rodage des micromoteurs, selon les moteurs, passer de 1 \u00e0 2 litres.<\/p>\n<p><strong>Caract\u00e9ristiques :<\/strong><br \/>\nCarburant incolore<br \/>\nDensite : 0.87<br \/>\nNitromethane : 11%<br \/>\nHuiles : 16%<\/p>\n<div><strong>Conseils : <\/strong>Particuli\u00e8rement conseill\u00e9 avec l&rsquo;usage du Competizione CS25 et CS16 .<\/div>\n<div>En effet ces carburants n&rsquo;usent pas les moteurs, d&rsquo;o\u00f9 la n\u00e9cessit\u00e9 de passer 10 \u00e0 15 litres pour roder un moteur.<\/div>\n<div>Pour les p\u00e9riodes de repos, penser \u00e0 injecter de l\u2019<a href=\"http:\/\/carburant-modelisme.com\/?page_id=77\"><strong>After Run LABEMA<\/strong><\/a> par la bougies et\/ou le carburateur, et bien impr\u00e9gner le moteur. Aucune corrosion m\u00eame pour de tr\u00e8s longues immobilisations et red\u00e9marrage facile<\/div>\n<p><img decoding=\"async\" src=\"http:\/\/www.autorcnewsmodelisme.fr\/attachment.php?attachmentid=8238&amp;d=1382111162\" alt=\"\" \/><\/p>\n","protected":false},"excerpt":{"rendered":"<p>\u00ab\u00a0Dangereux-Respecter les pr\u00e9cautions d\u2019emploi\u00a0\u00bb Usages : C\u2019est un carburant id\u00e9al pour le rodage des micromoteurs, selon les moteurs, passer de 1 \u00e0 2 litres. Caract\u00e9ristiques : Carburant incolore Densite : 0.87 Nitromethane : 11% Huiles : 16% Conseils : Particuli\u00e8rement conseill\u00e9 avec l&rsquo;usage du Competizione CS25 et CS16 . En effet ces carburants n&rsquo;usent pas &hellip; <a href=\"https:\/\/carburant-modelisme.com\/?page_id=22\" class=\"more-link\">Continuer la lecture de <span class=\"screen-reader-text\">RV (Rodage Voiture)<\/span> <span class=\"meta-nav\">&rarr;<\/span><\/a><\/p>\n","protected":false},"author":1,"featured_media":0,"parent":32,"menu_order":1,"comment_status":"closed","ping_status":"closed","template":"","meta":{"footnotes":""},"class_list":["post-22","page","type-page","status-publish","hentry"],"_links":{"self":[{"href":"https:\/\/carburant-modelisme.com\/index.php?rest_route=\/wp\/v2\/pages\/22","targetHints":{"allow":["GET"]}}],"collection":[{"href":"https:\/\/carburant-modelisme.com\/index.php?rest_route=\/wp\/v2\/pages"}],"about":[{"href":"https:\/\/carburant-modelisme.com\/index.php?rest_route=\/wp\/v2\/types\/page"}],"author":[{"embeddable":true,"href":"https:\/\/carburant-modelisme.com\/index.php?rest_route=\/wp\/v2\/users\/1"}],"replies":[{"embeddable":true,"href":"https:\/\/carburant-modelisme.com\/index.php?rest_route=%2Fwp%2Fv2%2Fcomments&post=22"}],"version-history":[{"count":6,"href":"https:\/\/carburant-modelisme.com\/index.php?rest_route=\/wp\/v2\/pages\/22\/revisions"}],"predecessor-version":[{"id":1889,"href":"https:\/\/carburant-modelisme.com\/index.php?rest_route=\/wp\/v2\/pages\/22\/revisions\/1889"}],"up":[{"embeddable":true,"href":"https:\/\/carburant-modelisme.com\/index.php?rest_route=\/wp\/v2\/pages\/32"}],"wp:attachment":[{"href":"https:\/\/carburant-modelisme.com\/index.php?rest_route=%2Fwp%2Fv2%2Fmedia&parent=22"}],"curies":[{"name":"wp","href":"https:\/\/api.w.org\/{rel}","templated":true}]}}