{"id":111,"date":"2014-04-25T18:04:15","date_gmt":"2014-04-25T17:04:15","guid":{"rendered":"http:\/\/carburant-modelisme.com\/?page_id=111"},"modified":"2021-11-18T14:57:17","modified_gmt":"2021-11-18T13:57:17","slug":"rodage-des-moteurs-avions","status":"publish","type":"page","link":"https:\/\/carburant-modelisme.com\/?page_id=111","title":{"rendered":"Rodage des moteurs avions"},"content":{"rendered":"<h2>Olivier ROGEAU<\/h2>\n<p>Pr\u00e9conisations Carburants <strong>LABEMA<\/strong> en fonction de votre moteur d&rsquo; <strong>AVION<\/strong> :<\/p>\n<p>1) <strong>Moteur 2 Temps<\/strong> s\u00e9ries \u00ab\u00a0\u00e9conomique \u00a0\u00bb jusqu&rsquo;\u00e0 6,5 cm3 de cylindr\u00e9e, <span style=\"text-decoration: underline;\">vilebrequin port\u00e9 sur palier bronze,<\/span> carburateurs premi\u00e8re g\u00e9n\u00e9ration \u00e0 un seul pointeau + vis d&rsquo;air additionnelle :<br \/>\n<strong>Rodage <\/strong>et <strong>Utilisation<\/strong> avec le carburant <strong>LABEMA M 2<\/strong> ( mixte ricin \/ synth\u00e8se soit 18 % d&rsquo;huile, 5 % nitrom\u00e9thane, ) .<br \/>\nCes micromoteurs supportent tr\u00e8s mal :<br \/>\n&#8211; un carburant 100 % synth\u00e8se m\u00eame additiv\u00e9, surtout quand la temp\u00e9rature ambiante s&rsquo; \u00e9l\u00e8ve !<br \/>\n&#8211; un carburant dont le taux de lubrifiant est inf\u00e9rieur \u00e0 18 %<\/p>\n<p>2) <strong>Moteurs 2 temps<\/strong> toutes cylindr\u00e9es avec <span style=\"text-decoration: underline;\">vilebrequin port\u00e9 sur roulements \u00e0 billes<\/span>, carburateurs deuxi\u00e8me g\u00e9n\u00e9ration avec un pointeau principal + contre-pointeau de r\u00e9glage ralenti-reprise :<br \/>\n<strong>Rodage <\/strong>: 3 \u00e0 4 r\u00e9servoirs, soit environ 1 litre avec le carburant <strong>LABEMA M 2 <\/strong>( ricin \/ synth\u00e8se) r\u00e9glage tr\u00e8s gras.<br \/>\n<strong>Utilisation<\/strong> : Passage progressif au carburant <strong>LABEMA M 20 <\/strong>( 100 % synth\u00e8se, 5 % nitrom\u00e9thane, 1% EMADOX M )<\/p>\n<p>3) <strong>Moteur 2 temps hautes performances destin\u00e9s \u00e0 la comp\u00e9tition<\/strong> exemple : O.S, WEBRA<strong> :<\/strong><br \/>\n<strong>Rodage : <\/strong>2 litres au moins avec le carburant <strong>LABEMA M 2<\/strong> (ricin \/ synth\u00e8se ) r\u00e9glage tr\u00e8s gras.<br \/>\n<strong>Utilisation <\/strong>: Carburant <strong>LABEMA MP 15<\/strong><\/p>\n<p>4) <strong>Moteurs 2 temps tr\u00e8s hauts r\u00e9gimes <\/strong>racers et turbines :<br \/>\n<strong>Rodage <\/strong>: 2 litres au moins avec le carburant <strong>LABEMA M 2<\/strong> r\u00e9glage tr\u00e8s gras et \u00e0 r\u00e9gime mod\u00e9r\u00e9.<br \/>\n<strong>Utilisation<\/strong> : Carburant <strong>LABEMA M 17<\/strong> <strong>\u00a0; <\/strong>initialement formul\u00e9 pour les moteurs d&rsquo; h\u00e9licopt\u00e8res, ce carburant vous donnera le maximum de performances avec une s\u00e9curit\u00e9 renforc\u00e9e pour votre moteur.<\/p>\n<p>5) <strong>Moteurs 4 temps mono et multi-cylindres classiques :<\/strong><br \/>\n<strong>Rodage<\/strong> et <strong>Utilisation<\/strong> : carburant <strong>LABEMA M 1.2 <\/strong>le rodage se fera avec un r\u00e9glage gras et \u00e0 r\u00e9gimes mod\u00e9r\u00e9s pendant les deux premiers litres consomm\u00e9s ; Utilisation imp\u00e9rative d After-Run entre chaque journ\u00e9es \/ semaines de vol \u00e0 raison d&rsquo;une injection dans le bas moteur par le reniflard, de d&rsquo;une injection p\u00e9riodique r\u00e9guli\u00e8re sous le couvercle cache-culbuteurs.<\/p>\n<p>6) <strong>Moteurs 4 temps hautes performances YAMADA, toutes cylindr\u00e9es<\/strong> :<br \/>\nLa conception, l&rsquo; usinage et le principe de fonctionnement de ces moteurs de comp\u00e9tition fabriqu\u00e9s par un Artisan Japonais imposent l&rsquo; utilisation d&rsquo;un carburant formul\u00e9 sp\u00e9cifiquement pour ces moteurs avec un ratio de lubrifiant major\u00e9 d\u00e9passant 20 % !<br \/>\nL&rsquo; utilisation d&rsquo;un carburant \u00ab\u00a0standard\u00a0\u00bb, m\u00eame d\u00e9di\u00e9 \u00ab\u00a04 temps\u00a0\u00bb aboutira \u00e0 la destruction du moteur !<br \/>\n<strong>Rodage<\/strong> et <strong>Utilisation<\/strong> :<\/p>\n<p>Hope this hep &#8230;<\/p>\n<h1><span style=\"color: #ff0000;\"><strong>Olivier<\/strong><\/span><\/h1>\n","protected":false},"excerpt":{"rendered":"<p>Olivier ROGEAU Pr\u00e9conisations Carburants LABEMA en fonction de votre moteur d&rsquo; AVION : 1) Moteur 2 Temps s\u00e9ries \u00ab\u00a0\u00e9conomique \u00a0\u00bb jusqu&rsquo;\u00e0 6,5 cm3 de cylindr\u00e9e, vilebrequin port\u00e9 sur palier bronze, carburateurs premi\u00e8re g\u00e9n\u00e9ration \u00e0 un seul pointeau + vis d&rsquo;air additionnelle : Rodage et Utilisation avec le carburant LABEMA M 2 ( mixte ricin \/ &hellip; <a href=\"https:\/\/carburant-modelisme.com\/?page_id=111\" class=\"more-link\">Continuer la lecture de <span class=\"screen-reader-text\">Rodage des moteurs avions<\/span> <span class=\"meta-nav\">&rarr;<\/span><\/a><\/p>\n","protected":false},"author":1,"featured_media":0,"parent":97,"menu_order":0,"comment_status":"closed","ping_status":"closed","template":"","meta":{"footnotes":""},"class_list":["post-111","page","type-page","status-publish","hentry"],"_links":{"self":[{"href":"https:\/\/carburant-modelisme.com\/index.php?rest_route=\/wp\/v2\/pages\/111","targetHints":{"allow":["GET"]}}],"collection":[{"href":"https:\/\/carburant-modelisme.com\/index.php?rest_route=\/wp\/v2\/pages"}],"about":[{"href":"https:\/\/carburant-modelisme.com\/index.php?rest_route=\/wp\/v2\/types\/page"}],"author":[{"embeddable":true,"href":"https:\/\/carburant-modelisme.com\/index.php?rest_route=\/wp\/v2\/users\/1"}],"replies":[{"embeddable":true,"href":"https:\/\/carburant-modelisme.com\/index.php?rest_route=%2Fwp%2Fv2%2Fcomments&post=111"}],"version-history":[{"count":2,"href":"https:\/\/carburant-modelisme.com\/index.php?rest_route=\/wp\/v2\/pages\/111\/revisions"}],"predecessor-version":[{"id":1697,"href":"https:\/\/carburant-modelisme.com\/index.php?rest_route=\/wp\/v2\/pages\/111\/revisions\/1697"}],"up":[{"embeddable":true,"href":"https:\/\/carburant-modelisme.com\/index.php?rest_route=\/wp\/v2\/pages\/97"}],"wp:attachment":[{"href":"https:\/\/carburant-modelisme.com\/index.php?rest_route=%2Fwp%2Fv2%2Fmedia&parent=111"}],"curies":[{"name":"wp","href":"https:\/\/api.w.org\/{rel}","templated":true}]}}