{"id":109,"date":"2014-04-25T18:03:46","date_gmt":"2014-04-25T17:03:46","guid":{"rendered":"http:\/\/carburant-modelisme.com\/?page_id=109"},"modified":"2021-11-18T14:54:59","modified_gmt":"2021-11-18T13:54:59","slug":"reglages-des-moteurs-bateaux","status":"publish","type":"page","link":"https:\/\/carburant-modelisme.com\/?page_id=109","title":{"rendered":"R\u00e9glages des moteurs bateaux"},"content":{"rendered":"<h2>Romain Wiegel<\/h2>\n<p>Je n\u2019ai pas de recette miracle quant au sujet des r\u00e9glages. <strong>Mais le carburant LABEMA fume beaucoup et c\u2019est pourquoi il faut \u00eatre tr\u00e8s prudent.<\/strong><br \/>\nMon conseil est de d\u00e9grossir le r\u00e9glage \u00e0 l\u2019oreille et de parfaire le r\u00e9glage d\u00e9culasser le moteur et de v\u00e9rifier le film r\u00e9siduelle de carburant dans la chambre de combustion.<\/p>\n<p>Une des qualit\u00e9s du carburant LABEMA est qu\u2019une fois le r\u00e9glage carburation trouv\u00e9, il n\u2019est plus n\u00e9cessaire de le toucher.<\/p>\n","protected":false},"excerpt":{"rendered":"<p>Romain Wiegel Je n\u2019ai pas de recette miracle quant au sujet des r\u00e9glages. Mais le carburant LABEMA fume beaucoup et c\u2019est pourquoi il faut \u00eatre tr\u00e8s prudent. Mon conseil est de d\u00e9grossir le r\u00e9glage \u00e0 l\u2019oreille et de parfaire le r\u00e9glage d\u00e9culasser le moteur et de v\u00e9rifier le film r\u00e9siduelle de carburant dans la chambre &hellip; <a href=\"https:\/\/carburant-modelisme.com\/?page_id=109\" class=\"more-link\">Continuer la lecture de <span class=\"screen-reader-text\">R\u00e9glages des moteurs bateaux<\/span> <span class=\"meta-nav\">&rarr;<\/span><\/a><\/p>\n","protected":false},"author":1,"featured_media":0,"parent":97,"menu_order":0,"comment_status":"closed","ping_status":"closed","template":"","meta":{"footnotes":""},"class_list":["post-109","page","type-page","status-publish","hentry"],"_links":{"self":[{"href":"https:\/\/carburant-modelisme.com\/index.php?rest_route=\/wp\/v2\/pages\/109","targetHints":{"allow":["GET"]}}],"collection":[{"href":"https:\/\/carburant-modelisme.com\/index.php?rest_route=\/wp\/v2\/pages"}],"about":[{"href":"https:\/\/carburant-modelisme.com\/index.php?rest_route=\/wp\/v2\/types\/page"}],"author":[{"embeddable":true,"href":"https:\/\/carburant-modelisme.com\/index.php?rest_route=\/wp\/v2\/users\/1"}],"replies":[{"embeddable":true,"href":"https:\/\/carburant-modelisme.com\/index.php?rest_route=%2Fwp%2Fv2%2Fcomments&post=109"}],"version-history":[{"count":2,"href":"https:\/\/carburant-modelisme.com\/index.php?rest_route=\/wp\/v2\/pages\/109\/revisions"}],"predecessor-version":[{"id":1695,"href":"https:\/\/carburant-modelisme.com\/index.php?rest_route=\/wp\/v2\/pages\/109\/revisions\/1695"}],"up":[{"embeddable":true,"href":"https:\/\/carburant-modelisme.com\/index.php?rest_route=\/wp\/v2\/pages\/97"}],"wp:attachment":[{"href":"https:\/\/carburant-modelisme.com\/index.php?rest_route=%2Fwp%2Fv2%2Fmedia&parent=109"}],"curies":[{"name":"wp","href":"https:\/\/api.w.org\/{rel}","templated":true}]}}