{"id":104,"date":"2014-04-25T18:01:21","date_gmt":"2014-04-25T17:01:21","guid":{"rendered":"http:\/\/carburant-modelisme.com\/?page_id=104"},"modified":"2022-05-15T14:01:59","modified_gmt":"2022-05-15T13:01:59","slug":"entretien-des-moteurs-voiture","status":"publish","type":"page","link":"https:\/\/carburant-modelisme.com\/?page_id=104","title":{"rendered":"Entretien des moteurs voiture"},"content":{"rendered":"<h2>Patrick et Marie Roussillon<\/h2>\n<p><strong>Entretien du moteur<\/strong>, du pot d\u2019\u00e9chappement : nettoyage ext\u00e9rieur seulement (avec d\u00e9graissant , nettoyant m\u00e9nager et rin\u00e7age \u00e0 l\u2019eau)<br \/>\nOuverture du moteur : en fin de saison.<br \/>\nNettoyage du moteur : avec m\u00e9thanol.<br \/>\nRemontage du moteur : avec huile de stockage.<br \/>\nCe sont mes \u00ab recettes \u00bb personnelles, et je les utilise depuis de nombreuses ann\u00e9es.<\/p>\n<p>PS : huile de stockage<strong><span style=\"color: #ff0000;\"><a style=\"color: #ff0000;\" href=\"http:\/\/carburant-modelisme.com\/?page_id=77\"> <span style=\"text-decoration: underline;\">AFTER RUN LABEMA<\/span><\/a><\/span><\/strong><\/p>\n","protected":false},"excerpt":{"rendered":"<p>Patrick et Marie Roussillon Entretien du moteur, du pot d\u2019\u00e9chappement : nettoyage ext\u00e9rieur seulement (avec d\u00e9graissant , nettoyant m\u00e9nager et rin\u00e7age \u00e0 l\u2019eau) Ouverture du moteur : en fin de saison. Nettoyage du moteur : avec m\u00e9thanol. Remontage du moteur : avec huile de stockage. Ce sont mes \u00ab recettes \u00bb personnelles, et je les &hellip; <a href=\"https:\/\/carburant-modelisme.com\/?page_id=104\" class=\"more-link\">Continuer la lecture de <span class=\"screen-reader-text\">Entretien des moteurs voiture<\/span> <span class=\"meta-nav\">&rarr;<\/span><\/a><\/p>\n","protected":false},"author":1,"featured_media":0,"parent":97,"menu_order":0,"comment_status":"closed","ping_status":"closed","template":"","meta":{"footnotes":""},"class_list":["post-104","page","type-page","status-publish","hentry"],"_links":{"self":[{"href":"https:\/\/carburant-modelisme.com\/index.php?rest_route=\/wp\/v2\/pages\/104","targetHints":{"allow":["GET"]}}],"collection":[{"href":"https:\/\/carburant-modelisme.com\/index.php?rest_route=\/wp\/v2\/pages"}],"about":[{"href":"https:\/\/carburant-modelisme.com\/index.php?rest_route=\/wp\/v2\/types\/page"}],"author":[{"embeddable":true,"href":"https:\/\/carburant-modelisme.com\/index.php?rest_route=\/wp\/v2\/users\/1"}],"replies":[{"embeddable":true,"href":"https:\/\/carburant-modelisme.com\/index.php?rest_route=%2Fwp%2Fv2%2Fcomments&post=104"}],"version-history":[{"count":2,"href":"https:\/\/carburant-modelisme.com\/index.php?rest_route=\/wp\/v2\/pages\/104\/revisions"}],"predecessor-version":[{"id":1890,"href":"https:\/\/carburant-modelisme.com\/index.php?rest_route=\/wp\/v2\/pages\/104\/revisions\/1890"}],"up":[{"embeddable":true,"href":"https:\/\/carburant-modelisme.com\/index.php?rest_route=\/wp\/v2\/pages\/97"}],"wp:attachment":[{"href":"https:\/\/carburant-modelisme.com\/index.php?rest_route=%2Fwp%2Fv2%2Fmedia&parent=104"}],"curies":[{"name":"wp","href":"https:\/\/api.w.org\/{rel}","templated":true}]}}