{"id":102,"date":"2014-04-25T18:00:42","date_gmt":"2014-04-25T17:00:42","guid":{"rendered":"http:\/\/carburant-modelisme.com\/?page_id=102"},"modified":"2014-04-25T18:00:42","modified_gmt":"2014-04-25T17:00:42","slug":"entretien-des-moteurs-helicopteres","status":"publish","type":"page","link":"https:\/\/carburant-modelisme.com\/?page_id=102","title":{"rendered":"Entretien des moteurs h\u00e9licopt\u00e8res"},"content":{"rendered":"<h2>J\u00e9r\u00f4me Ruiz<\/h2>\n<p>Pour l&rsquo;entretien,<br \/>\nil faut changer les roulements moteur tous les 70litre environ pour cause d&rsquo;usure. Que ce soit sur un moteur classe 50 ou 90  tous les 70 litres en moyenne il faut les changer. Ca m&rsquo;est m\u00eame d\u00e9j\u00e0 arriv\u00e9 que les roulements moteurs soit mort d&rsquo;origine.  Les sympt\u00f4mes quand cela arrive sont un bruit de chariot quand le moteur fonctionne, une perte de puissance et le moteur grille les bougies.<\/p>\n<p>sinon pour le stockage, je me contente d&rsquo;entreposer mes machines dans mon garage et je n&rsquo;ai jamais d\u00e9tect\u00e9 aucune trace de corrosion sur les roulement.<\/p>\n","protected":false},"excerpt":{"rendered":"<p>J\u00e9r\u00f4me Ruiz Pour l&rsquo;entretien, il faut changer les roulements moteur tous les 70litre environ pour cause d&rsquo;usure. Que ce soit sur un moteur classe 50 ou 90 tous les 70 litres en moyenne il faut les changer. Ca m&rsquo;est m\u00eame d\u00e9j\u00e0 arriv\u00e9 que les roulements moteurs soit mort d&rsquo;origine. Les sympt\u00f4mes quand cela arrive sont &hellip; <a href=\"https:\/\/carburant-modelisme.com\/?page_id=102\" class=\"more-link\">Continuer la lecture de <span class=\"screen-reader-text\">Entretien des moteurs h\u00e9licopt\u00e8res<\/span> <span class=\"meta-nav\">&rarr;<\/span><\/a><\/p>\n","protected":false},"author":1,"featured_media":0,"parent":97,"menu_order":0,"comment_status":"closed","ping_status":"closed","template":"","meta":{"footnotes":""},"class_list":["post-102","page","type-page","status-publish","hentry"],"_links":{"self":[{"href":"https:\/\/carburant-modelisme.com\/index.php?rest_route=\/wp\/v2\/pages\/102","targetHints":{"allow":["GET"]}}],"collection":[{"href":"https:\/\/carburant-modelisme.com\/index.php?rest_route=\/wp\/v2\/pages"}],"about":[{"href":"https:\/\/carburant-modelisme.com\/index.php?rest_route=\/wp\/v2\/types\/page"}],"author":[{"embeddable":true,"href":"https:\/\/carburant-modelisme.com\/index.php?rest_route=\/wp\/v2\/users\/1"}],"replies":[{"embeddable":true,"href":"https:\/\/carburant-modelisme.com\/index.php?rest_route=%2Fwp%2Fv2%2Fcomments&post=102"}],"version-history":[{"count":1,"href":"https:\/\/carburant-modelisme.com\/index.php?rest_route=\/wp\/v2\/pages\/102\/revisions"}],"predecessor-version":[{"id":103,"href":"https:\/\/carburant-modelisme.com\/index.php?rest_route=\/wp\/v2\/pages\/102\/revisions\/103"}],"up":[{"embeddable":true,"href":"https:\/\/carburant-modelisme.com\/index.php?rest_route=\/wp\/v2\/pages\/97"}],"wp:attachment":[{"href":"https:\/\/carburant-modelisme.com\/index.php?rest_route=%2Fwp%2Fv2%2Fmedia&parent=102"}],"curies":[{"name":"wp","href":"https:\/\/api.w.org\/{rel}","templated":true}]}}