{"id":100,"date":"2014-04-25T18:00:01","date_gmt":"2014-04-25T17:00:01","guid":{"rendered":"http:\/\/carburant-modelisme.com\/?page_id=100"},"modified":"2014-04-25T18:00:02","modified_gmt":"2014-04-25T17:00:02","slug":"entretien-des-moteurs-bateaux","status":"publish","type":"page","link":"https:\/\/carburant-modelisme.com\/?page_id=100","title":{"rendered":"Entretien des moteurs bateaux"},"content":{"rendered":"<h2>Romain Wiegel<\/h2>\n<p>En motonautisme, le moteur ingurgite toujours une quantit\u00e9 d\u2019eau et par cons\u00e9quence j\u2019applique 2 r\u00e8gles :<\/p>\n<p><em><span style=\"text-decoration: underline;\">Apr\u00e8s chaque journ\u00e9e d&rsquo;essais ou de comp\u00e9tition :<\/span><\/em><br \/>\n<strong>Rin\u00e7age<\/strong> du moteur avec un produit appropri\u00e9. Moi je d\u00e9culasse et j\u2019enl\u00e8ve la chemise ce qui me permet de v\u00e9rifier la carburation.<br \/>\n<strong>Graissage<\/strong> (huilage) des diff\u00e9rents composants : roulements, vilebrequin, carburateur, pied de bielle, chemise\/piston.<\/p>\n<p><em><span style=\"text-decoration: underline;\">Toutes les 5 heures:<\/span><\/em><br \/>\n<strong>D\u00e9montage complet<\/strong><br \/>\n<strong>Contr\u00f4le :<\/strong><br \/>\ndes roulements,<br \/>\n+ pour 3,5cc: contr\u00f4le du diam\u00e8tre du pied de bielle au microm\u00e8tre cote d&rsquo;usure maxi 4,94 mm<br \/>\n+ pour 15cc: contr\u00f4le visuel des aiguilles jointives et de leur jeu, du jeu de l&rsquo;entra\u00eenement de la valve et de l&rsquo;alignement du vilebrequin<br \/>\n<strong>Graissage<\/strong> (huilage ) des diff\u00e9rents composants : roulements, vilebrequin, carburateur, pied de bielle chemise\/piston.<strong><\/strong><br \/>\n<strong>Remontage<\/strong> du moteur<\/p>\n<p>NR : pour les op\u00e9rations de (huilage) utiliser l\u2019<strong><span style=\"color: #ff0000;\"><span style=\"text-decoration: underline;\">After Run LABEMA<\/span><\/span><\/strong><\/p>\n","protected":false},"excerpt":{"rendered":"<p>Romain Wiegel En motonautisme, le moteur ingurgite toujours une quantit\u00e9 d\u2019eau et par cons\u00e9quence j\u2019applique 2 r\u00e8gles : Apr\u00e8s chaque journ\u00e9e d&rsquo;essais ou de comp\u00e9tition : Rin\u00e7age du moteur avec un produit appropri\u00e9. Moi je d\u00e9culasse et j\u2019enl\u00e8ve la chemise ce qui me permet de v\u00e9rifier la carburation. Graissage (huilage) des diff\u00e9rents composants : roulements, &hellip; <a href=\"https:\/\/carburant-modelisme.com\/?page_id=100\" class=\"more-link\">Continuer la lecture de <span class=\"screen-reader-text\">Entretien des moteurs bateaux<\/span> <span class=\"meta-nav\">&rarr;<\/span><\/a><\/p>\n","protected":false},"author":1,"featured_media":0,"parent":97,"menu_order":0,"comment_status":"closed","ping_status":"closed","template":"","meta":{"footnotes":""},"class_list":["post-100","page","type-page","status-publish","hentry"],"_links":{"self":[{"href":"https:\/\/carburant-modelisme.com\/index.php?rest_route=\/wp\/v2\/pages\/100","targetHints":{"allow":["GET"]}}],"collection":[{"href":"https:\/\/carburant-modelisme.com\/index.php?rest_route=\/wp\/v2\/pages"}],"about":[{"href":"https:\/\/carburant-modelisme.com\/index.php?rest_route=\/wp\/v2\/types\/page"}],"author":[{"embeddable":true,"href":"https:\/\/carburant-modelisme.com\/index.php?rest_route=\/wp\/v2\/users\/1"}],"replies":[{"embeddable":true,"href":"https:\/\/carburant-modelisme.com\/index.php?rest_route=%2Fwp%2Fv2%2Fcomments&post=100"}],"version-history":[{"count":1,"href":"https:\/\/carburant-modelisme.com\/index.php?rest_route=\/wp\/v2\/pages\/100\/revisions"}],"predecessor-version":[{"id":101,"href":"https:\/\/carburant-modelisme.com\/index.php?rest_route=\/wp\/v2\/pages\/100\/revisions\/101"}],"up":[{"embeddable":true,"href":"https:\/\/carburant-modelisme.com\/index.php?rest_route=\/wp\/v2\/pages\/97"}],"wp:attachment":[{"href":"https:\/\/carburant-modelisme.com\/index.php?rest_route=%2Fwp%2Fv2%2Fmedia&parent=100"}],"curies":[{"name":"wp","href":"https:\/\/api.w.org\/{rel}","templated":true}]}}