{"id":743,"date":"2016-03-24T09:29:39","date_gmt":"2016-03-24T08:29:39","guid":{"rendered":"http:\/\/carburant-modelisme.com\/?page_id=743"},"modified":"2016-04-11T13:24:06","modified_gmt":"2016-04-11T12:24:06","slug":"la-composicion-del-combustible","status":"publish","type":"page","link":"https:\/\/carburant-modelisme.com\/?page_id=12","title":{"rendered":"La composici\u00f3n del combustible"},"content":{"rendered":"<p><img decoding=\"async\" src=\"http:\/\/www.carburant-modelisme.com\/images\/LIVRET%20ESPAGNOL%20PDF_Page_03.jpg\" alt=\"\" \/><br \/>\n<img decoding=\"async\" src=\"http:\/\/www.carburant-modelisme.com\/images\/LIVRET%20ESPAGNOL%20PDF_Page_04.jpg\" alt=\"\" \/><br \/>\n<img decoding=\"async\" src=\"http:\/\/www.carburant-modelisme.com\/images\/LIVRET%20ESPAGNOL%20PDF_Page_05.jpg\" alt=\"\" \/><br \/>\nDefinici\u00f3n y composici\u00f3n de los combustibles para micromotores<\/p>\n<p>Un combustible es una mezcla de compuestos qu\u00edmicos cuya combusti\u00f3n proporciona energ\u00eda mec\u00e1nica. En el modelismo, esta mezcla se compone de un combustible (que se quema), un  comburente (que permite  la combusti\u00f3n), un aceite (para la lubrificaci\u00f3n) y aditivos.<br \/>\nA :\tEl combustible : METANOL<br \/>\nDefinici\u00f3n : Son sustancias que se queman liberando una energ\u00eda mec\u00e1nica.<br \/>\nEl m\u00e1s usado, por su excelente poder de combusti\u00f3n y su rendimiento, es el metanol o alcohol met\u00edlico<br \/>\nCaracter\u00edsticas :<br \/>\nL\u00edquido incoloro de olor agradable, miscible en agua en todas proporciones. Fue descubierto por Boyle en 1161. Es utilizado en numerosas s\u00edntesis qu\u00edmicas y sus derivados se usan en la fabricaci\u00f3n de productos de tintorer\u00eda, resinas, productos farmace\u00faticos y perfumes sint\u00e9ticos. El metanol puede ser tambi\u00e9n a\u00f1adido al etanol para hacerlo inapto para el consumo humano, usarse como combustible,  anticongelante, en la industria de barnices, de colorantes y de ciertos pl\u00e1sticos.<br \/>\nF\u00f3rmula qu\u00edmica : CH3OH ( C= Carbono, H = Hidr\u00f3geno, O= Ox\u00edgeno)<br \/>\nPunto de ebullici\u00f3n : 64.7\u00b0 C<br \/>\nMasa molar: 32,0419 g\/mol<br \/>\nPunto de fusi\u00f3n: &#8211; 97.8\u00b0 C<br \/>\nDensidad (a 20\u00b0C): 0,7914 (1 l pesa 791,4 gramos a 20\u00b0 C)<br \/>\nCalor espec\u00edfico a 20\u00b0 C: 0.599 cal\/g (la combusti\u00f3n de 1 g libera 0,599 calor\u00edas)<br \/>\nPunto de inflamabilidad: 12 a 16\u00b0C (producto inflamable)<br \/>\nTemperatura de autoignici\u00f3n: 464\u00b0C  es la temperatura a la que el metanol se inflama<br \/>\nespont\u00e1neamente, incluso sin chispa.<br \/>\nPreparaci\u00f3n :<br \/>\nPor destilaci\u00f3n del \u00e1cido pirole\u00f1oso (madera) o por reacci\u00f3n catal\u00edtica entre el hidr\u00f3geno y el \u00f3xido de carbono.<br \/>\nSe encuentra igualmente en el mercado, metanol industrial reciclado, es decir, que ha servido y se ha vuelto a destilar<br \/>\nToxicolog\u00eda :<br \/>\nEl metanol es un producto de alta toxicidad.<br \/>\nEl envenenamiento por metanol provoca graves problemas hep\u00e1ticos. Deprime el sistema<br \/>\nnervioso central (como el etanol), se elimina muy lentamente y sus efectos son acumulativos.<br \/>\nEl contacto prolongado con la piel, provoca dermatitis por la destrucci\u00f3n del revestimiento lip\u00eddico.<br \/>\nEs irritante para los ojos (conjuntivitis). Por inhalaci\u00f3n prolongada, provoca una embriaguez<br \/>\ncon na\u00faseas, edema pulmonar, nerviosismo y hasta la muerte.<br \/>\nProduce tambien toxicidad ocular grave con disminuci\u00f3n visual , dilataci\u00f3n de las pupilas,<br \/>\nfotofobia y evoluci\u00f3n hacia la ceguera.<br \/>\nHay que tomar precauciones en su uso y almacenado (ni\u00f1os).<br \/>\nNota :<br \/>\nEl metanol es un buen disolvente para pintura, no lo olvid\u00e9is en el momento de pintar vuestro modelo. Desengrasa tambi\u00e9n perfectamente la partes met\u00e1licas, pero las vuelve sensibles a la oxidaci\u00f3n si adem\u00e1s utiliz\u00e1is un aceite de s\u00edntesis inadaptado, vuestro motor se oxidar\u00e1 : rodamientos atascados<br \/>\nEl remedio : para el invierno desatornillar la buj\u00eda, inyectar un buen chorro de After Run LABEMA en el motor, girar el cig\u00fbe\u00f1al diez veces, atornillar de nuevo la buj\u00eda y meter ambos en una bolsa de pl\u00e1stico.<br \/>\nB : El comburente : NITROMETANO<br \/>\nSe llama comburentes a las sustancias que permiten la combusti\u00f3n : el m\u00e1s conocido es el ox\u00edgeno del aire, si embargo, en ciertos casos conviene completar su acci\u00f3n a\u00f1adiendo nitrometano<br \/>\nPreparaci\u00f3n :<br \/>\nSe fabrica en fase gaseosa por  tratamiento de propano con \u00e1cido n\u00edtrico.<br \/>\nCaracter\u00edsticas:<br \/>\nMasa molar: 61,04 g\/mol<br \/>\nF\u00f3rmula qu\u00edmica : CH3NO2<br \/>\nDensidad (a 20\u00b0C): 1,139 (1 l pesa 1139 gramos)<br \/>\nCalor espec\u00edfico: 0.422 cal\/g<br \/>\nPunto de inflamabilidad: 12 a 16\u00b0C (producto inflamable)<br \/>\nTemperatura de autoignici\u00f3n: 418\u00b0C<br \/>\nPunto de inflamabilidad : 35\u00b0C<br \/>\nOlor ligero<br \/>\nToxicolog\u00eda :<br \/>\nEl nitrometano se usa como disolvente en s\u00edntesis org\u00e1nicas y como combustible de cohetes.<br \/>\nC : Los lubrificantes.<br \/>\nLos lubrificantes llamados \u00ab aceites \u00bb agrupan bajo esa denominaci\u00f3n une infinidad de sustancias diferentes tanto en sus propiedades f\u00edsicas como qu\u00edmicas. Los aceites son de origen vegetal, animal mineral o sint\u00e9tico.<br \/>\nEl papel de los lubrificantes:<br \/>\n&#8211; Reducir el desgaste y aumentar la vida del motor<br \/>\n&#8211; Limpiar el motor evitando los posos, las gomas, la calamina, etc\u2026<br \/>\n&#8211; Reducir los roces: evitar el riesgo de agarrotamiento y mejorar el rendimiento<br \/>\n&#8211; Garantir la impermeabilidad, sobre todo entre el pist\u00f3n y el cilindro, especialmente en los motores sin segmentos<br \/>\nEn modelismo, es necesario escoger un aceite miscible con el etanol. Es el caso del aceite de ricino y de los derivados sint\u00e9ticos tipo poliglicol.<\/p>\n<p>Aceite de ricino:<br \/>\nEl ricino (Ricinus Communis) es una hierba o un arbusto seg\u00fan las condiciones clim\u00e1ticas. Al tallo se unen hojas grandes de color verde oscuro y racimos de frutos rojos con semillas en su interior. Se encuentra en muchos jardines por su belleza ornamental. En clima tropical, el ricino puede alcanzar 10 metros de altura. La semilla de ricino contiene un poco de agua y de minerales, una baja cantidad de hidratos de carbono, proteinas (20%) y sobre todo grasas (50%). El aceite est\u00e1 compuesto de una mezcla de \u00e1cidos grasos, principalmente \u00e1cido ricinoleico, acompa\u00f1ado de \u00e1cido oleico, linoleico y este\u00e1rico.<br \/>\nSe obtiene por prensado, filtraci\u00f3n y purificaci\u00f3n.<br \/>\nEste aceite se usa en farmacia como purgante y en mec\u00e1nica, como lubrificante de los antiguos motores de avi\u00f3n, los coches de carreras, las transmisiones hidra\u00falicas, etc&#8230; y el modelismo.<br \/>\nEl poder lubrificante es excelente.<br \/>\nExisten diferentes tipos de aceite de ricino en funci\u00f3n de los m\u00e9todos de extracci\u00f3n, preparaci\u00f3n y refinado. Segun la cantidad de ricino \u00absecativo\u00bb (que se solidifica), que es caso de los aceites de ricino habituales, esta solidificaci\u00f3n  provoca el  \u00ab peeling \u00bb por las part\u00edculas s\u00f3lidas<br \/>\nPoliglicoles :<\/p>\n<p>Son compuestos sint\u00e9ticos a base de polialkilen glicol (PG) o de sus derivados. Seg\u00fan su estructura son miscibles en agua, en alcohol o en ambos. Poseen excelentes propiedades lubrificantes, pero son algo \u00e1cidos y pueden provocar corrosi\u00f3n en los metales, por lo que es necesario emplear un aditivo apropiado para evitar ese problema<br \/>\nUna de sus ventajas, es su baja viscosidad que mejora considerablemente la potencia del motor, gracias a la disminuci\u00f3n de p\u00e9rdidas de energ\u00eda<br \/>\nD: Aditivo<br \/>\nA pesar del bajo porcentaje que representa en la composici\u00f3n final de la mezcla, este elemento tiene un papel primordial en la \u00ab salud \u00bb del motor, evitando la oxidaci\u00f3n que causa graves da\u00f1os en los motores. Es indispensable que los aceites de s\u00edntesis los contengan. La acidez de los poliglicoles b\u00e1sicos ataca los metales, y adem\u00e1s, suelen ser higrosc\u00f3picos. Un bajo porcentaje de estos aditivos tipo EMADOX M (entre 0,5 y 2,0%) contrarresta los efectos nocivos de la corrosi\u00f3n.<\/p>\n","protected":false},"excerpt":{"rendered":"<p>Definici\u00f3n y composici\u00f3n de los combustibles para micromotores Un combustible es una mezcla de compuestos qu\u00edmicos cuya combusti\u00f3n proporciona energ\u00eda mec\u00e1nica. En el modelismo, esta mezcla se compone de un combustible (que se quema), un comburente (que permite la combusti\u00f3n), un aceite (para la lubrificaci\u00f3n) y aditivos. A : El combustible : METANOL Definici\u00f3n : &hellip; <a href=\"https:\/\/carburant-modelisme.com\/?page_id=12\" class=\"more-link\">Continuer la lecture de <span class=\"screen-reader-text\">La composici\u00f3n del combustible<\/span> <span class=\"meta-nav\">&rarr;<\/span><\/a><\/p>\n","protected":false},"author":1,"featured_media":0,"parent":0,"menu_order":5,"comment_status":"closed","ping_status":"closed","template":"","meta":{"footnotes":""},"class_list":["post-743","page","type-page","status-publish","hentry"],"_links":{"self":[{"href":"https:\/\/carburant-modelisme.com\/index.php?rest_route=\/wp\/v2\/pages\/743","targetHints":{"allow":["GET"]}}],"collection":[{"href":"https:\/\/carburant-modelisme.com\/index.php?rest_route=\/wp\/v2\/pages"}],"about":[{"href":"https:\/\/carburant-modelisme.com\/index.php?rest_route=\/wp\/v2\/types\/page"}],"author":[{"embeddable":true,"href":"https:\/\/carburant-modelisme.com\/index.php?rest_route=\/wp\/v2\/users\/1"}],"replies":[{"embeddable":true,"href":"https:\/\/carburant-modelisme.com\/index.php?rest_route=%2Fwp%2Fv2%2Fcomments&post=743"}],"version-history":[{"count":3,"href":"https:\/\/carburant-modelisme.com\/index.php?rest_route=\/wp\/v2\/pages\/743\/revisions"}],"predecessor-version":[{"id":1432,"href":"https:\/\/carburant-modelisme.com\/index.php?rest_route=\/wp\/v2\/pages\/743\/revisions\/1432"}],"wp:attachment":[{"href":"https:\/\/carburant-modelisme.com\/index.php?rest_route=%2Fwp%2Fv2%2Fmedia&parent=743"}],"curies":[{"name":"wp","href":"https:\/\/api.w.org\/{rel}","templated":true}]}}