{"id":1398,"date":"2016-04-05T15:10:03","date_gmt":"2016-04-05T14:10:03","guid":{"rendered":"http:\/\/carburant-modelisme.com\/?page_id=1398"},"modified":"2016-04-11T13:23:58","modified_gmt":"2016-04-11T12:23:58","slug":"combustible-para-barcos","status":"publish","type":"page","link":"https:\/\/carburant-modelisme.com\/?page_id=1398&lang=es","title":{"rendered":"Combustible para barcos"},"content":{"rendered":"<p><img decoding=\"async\" src=\"http:\/\/www.carburant-modelisme.com\/images\/LIVRET%20ESPAGNOL%20PDF_Page_08.jpg\" alt=\"\" \/><br \/>\nCombustible para BARCOS<br \/>\nERICH COSTA Campe\u00f3n del mundo con los combustibles LABEMA<br \/>\nBW Bateau para CMB &#8211; 15 CC \u2013 Este combustible tiene una composici\u00f3n qu\u00edmica bien espec\u00edfica para estos motores. Necesitan un porcentaje de aceite apropiado, asi como 20 % de nitrometano.<br \/>\nEnriquecido en aditivo EMADOX\u00aeM, no corroe los motores, disponible en envase de 5 y 30 litros. <\/p>\n<p>      Combustible velocidad Avi\u00f3n y Coche<br \/>\nR20  Para Avi\u00f3n Pylon Racing y Coche de velocidad en pista circular, es un combustible \u00ab cl\u00e1sico \u00bb, sin aditivos ni nitrometano . Conforme a la legislaci\u00f3n de este tipo de competiciones, contiene :<br \/>\n80% metanol, 20% ricino<br \/>\nCoche en pista circular: 329 km\/h<\/p>\n","protected":false},"excerpt":{"rendered":"<p>Combustible para BARCOS ERICH COSTA Campe\u00f3n del mundo con los combustibles LABEMA BW Bateau para CMB &#8211; 15 CC \u2013 Este combustible tiene una composici\u00f3n qu\u00edmica bien espec\u00edfica para estos motores. Necesitan un porcentaje de aceite apropiado, asi como 20 % de nitrometano. Enriquecido en aditivo EMADOX\u00aeM, no corroe los motores, disponible en envase de &hellip; <a href=\"https:\/\/carburant-modelisme.com\/?page_id=1398&#038;lang=es\" class=\"more-link\">Continuer la lecture de <span class=\"screen-reader-text\">Combustible para barcos<\/span> <span class=\"meta-nav\">&rarr;<\/span><\/a><\/p>\n","protected":false},"author":1,"featured_media":0,"parent":0,"menu_order":4,"comment_status":"closed","ping_status":"closed","template":"","meta":{"footnotes":""},"class_list":["post-1398","page","type-page","status-publish","hentry"],"_links":{"self":[{"href":"https:\/\/carburant-modelisme.com\/index.php?rest_route=\/wp\/v2\/pages\/1398","targetHints":{"allow":["GET"]}}],"collection":[{"href":"https:\/\/carburant-modelisme.com\/index.php?rest_route=\/wp\/v2\/pages"}],"about":[{"href":"https:\/\/carburant-modelisme.com\/index.php?rest_route=\/wp\/v2\/types\/page"}],"author":[{"embeddable":true,"href":"https:\/\/carburant-modelisme.com\/index.php?rest_route=\/wp\/v2\/users\/1"}],"replies":[{"embeddable":true,"href":"https:\/\/carburant-modelisme.com\/index.php?rest_route=%2Fwp%2Fv2%2Fcomments&post=1398"}],"version-history":[{"count":3,"href":"https:\/\/carburant-modelisme.com\/index.php?rest_route=\/wp\/v2\/pages\/1398\/revisions"}],"predecessor-version":[{"id":1448,"href":"https:\/\/carburant-modelisme.com\/index.php?rest_route=\/wp\/v2\/pages\/1398\/revisions\/1448"}],"wp:attachment":[{"href":"https:\/\/carburant-modelisme.com\/index.php?rest_route=%2Fwp%2Fv2%2Fmedia&parent=1398"}],"curies":[{"name":"wp","href":"https:\/\/api.w.org\/{rel}","templated":true}]}}