{"id":747,"date":"2016-03-24T09:30:51","date_gmt":"2016-03-24T08:30:51","guid":{"rendered":"http:\/\/carburant-modelisme.com\/?page_id=747"},"modified":"2016-04-11T13:20:28","modified_gmt":"2016-04-11T12:20:28","slug":"kraftstoffzusammensetzung","status":"publish","type":"page","link":"https:\/\/carburant-modelisme.com\/?page_id=12","title":{"rendered":"Kraftstoff f\u00fcr Boote"},"content":{"rendered":"<p><img decoding=\"async\" src=\"http:\/\/www.labema.com\/images\/Deutsch%207.jpg\" alt=\"\" \/><br \/>\nKraftstoff f\u00fcr Boote<br \/>\nErich COSTA Weltmeister mit Labema Kraftstoff<br \/>\nBW Boote f\u00fcr CMB &#8211; 15 CC \u2013<br \/>\nDieser Kraftstoff hat eine spezifische chemische Zusammensetzung, f\u00fcr diesen Motoren angepasst. Sie erfordern eine spezielle \u00d6l-Verh\u00e4ltnis und einer H\u00f6he 20% Nitromethan. Mit dem Additiv EMADOX Mv2 verhindert Rosten der Motoren.<br \/>\nErh\u00e4ltlich in Dose 5 oder 30 Liter.<br \/>\n Fuel for Speed-Rennen (Auto oder Flugzeug)<br \/>\nR20<br \/>\nF\u00fcr Pylon Rennen Flugzeug und Geschwindigkeit Modellauto in Kreisbahn, ist dies ein Standardkraftstoff, ohne Zusatz oder Nitromethan in \u00dcbereinstimmung mit der Gesetzgebung dieser Art von Wettbewerben. Enth\u00e4lt: 80% Methanol, 20% Rizinus \u00d6l. <\/p>\n<p>Geschwindigkeit Modellauto Geschwindigkeitsrekord: 329 km \/ h auf Rundkurs<\/p>\n","protected":false},"excerpt":{"rendered":"<p>Kraftstoff f\u00fcr Boote Erich COSTA Weltmeister mit Labema Kraftstoff BW Boote f\u00fcr CMB &#8211; 15 CC \u2013 Dieser Kraftstoff hat eine spezifische chemische Zusammensetzung, f\u00fcr diesen Motoren angepasst. Sie erfordern eine spezielle \u00d6l-Verh\u00e4ltnis und einer H\u00f6he 20% Nitromethan. Mit dem Additiv EMADOX Mv2 verhindert Rosten der Motoren. Erh\u00e4ltlich in Dose 5 oder 30 Liter. Fuel &hellip; <a href=\"https:\/\/carburant-modelisme.com\/?page_id=12\" class=\"more-link\">Continuer la lecture de <span class=\"screen-reader-text\">Kraftstoff f\u00fcr Boote<\/span> <span class=\"meta-nav\">&rarr;<\/span><\/a><\/p>\n","protected":false},"author":1,"featured_media":0,"parent":0,"menu_order":4,"comment_status":"closed","ping_status":"closed","template":"","meta":{"footnotes":""},"class_list":["post-747","page","type-page","status-publish","hentry"],"_links":{"self":[{"href":"https:\/\/carburant-modelisme.com\/index.php?rest_route=\/wp\/v2\/pages\/747","targetHints":{"allow":["GET"]}}],"collection":[{"href":"https:\/\/carburant-modelisme.com\/index.php?rest_route=\/wp\/v2\/pages"}],"about":[{"href":"https:\/\/carburant-modelisme.com\/index.php?rest_route=\/wp\/v2\/types\/page"}],"author":[{"embeddable":true,"href":"https:\/\/carburant-modelisme.com\/index.php?rest_route=\/wp\/v2\/users\/1"}],"replies":[{"embeddable":true,"href":"https:\/\/carburant-modelisme.com\/index.php?rest_route=%2Fwp%2Fv2%2Fcomments&post=747"}],"version-history":[{"count":3,"href":"https:\/\/carburant-modelisme.com\/index.php?rest_route=\/wp\/v2\/pages\/747\/revisions"}],"predecessor-version":[{"id":1368,"href":"https:\/\/carburant-modelisme.com\/index.php?rest_route=\/wp\/v2\/pages\/747\/revisions\/1368"}],"wp:attachment":[{"href":"https:\/\/carburant-modelisme.com\/index.php?rest_route=%2Fwp%2Fv2%2Fmedia&parent=747"}],"curies":[{"name":"wp","href":"https:\/\/api.w.org\/{rel}","templated":true}]}}