{"id":741,"date":"2016-03-24T09:28:40","date_gmt":"2016-03-24T08:28:40","guid":{"rendered":"http:\/\/carburant-modelisme.com\/?page_id=741"},"modified":"2024-03-12T10:11:58","modified_gmt":"2024-03-12T09:11:58","slug":"willkommen","status":"publish","type":"page","link":"https:\/\/carburant-modelisme.com\/","title":{"rendered":"Willkommen"},"content":{"rendered":"\n<pre class=\"wp-block-preformatted\"><iframe loading=\"lazy\" src=\"https:\/\/www.google.com\/maps\/d\/embed?mid=1GSjl6xBUyH7CuO23mvp-jckR7oHpctc&#038;ehbc=2E312F\" width=\"640\" height=\"480\"><\/iframe><\/pre>\n\n\n<p><img decoding=\"async\" src=\"http:\/\/www.labema.com\/images\/Recto%20PLAQUETTE%202015_modifi%C3%A9-3.jpg\" alt=\"\"><br>\nGeschichte<\/p>\n<p>LABEMA\u00ae Gesellschaft wurde im Dezember 1989 von Jean-Pierre Philippe Laronze etabliert.<br>\nEs ist ein Franz\u00f6sisch Familienunternehmen in LORETTE (Frankreich), in der N\u00e4he von Lyon, spezialisiert auf die Entwicklung, Herstellung von Korrosionsschutzmittel:  www.labema.com.<br>\nDie Leidenschaft des Gr\u00fcnders, stammt aus den 50er Jahren mit seinem ersten Motor, ein \u201eCOX\u201c, mit dem er baute einen Rundflug Flugzeug, ein Auto mit Druckpropeller und ein Luftkissenfahrzeug.<br>\nDie 70er Jahre begann die selbst zu bauen Proportionalfunkger\u00e4te. In der Zwischenzeit waren verschiedene Luftfahrtdisziplinen untersucht, beide realer Gr\u00f6\u00dfe und Modell.<br>\nZur Verfassung des Labema Unternehmens, wurden Korrosionsinhibitoren, verschiedene Kraftstoffherstellern angeboten. Aber die zus\u00e4tzlichen Kosten waren ein Hindernis f\u00fcr deren Entwicklung.<br>\nAllerdings sind Forschungen in Zusammenarbeit mit Standard und Wettbewerbe Motoren Hersteller durchgef\u00fchrt.<br>\nIm Jahr 2001 hat Labema eine neue Brennstoffchemie f\u00fcr Modelle ausgearbeitet. Dieser erste Kraftstoff wurde von dem Gewinner des F3A Franz\u00f6sisch-Meisterschaft im Jahr 2002 verwendet.<br>\nDie Entwicklung von Labema Kraftstoffen ist vor allem ein Mensch Abenteuer, um die Leidenschaft und Freundschaft von mechanischen F\u00e4higkeiten zu teilen.<br>\n\u00dcber die Jahre, viele sch\u00f6ne Meetings, alle von der Labema Geist gehandelt, die h\u00f6chste Qualit\u00e4t in allen Disziplinen  wird erreicht: Flugzeuge, Autos, Boote, Hubschrauber, Motorr\u00e4der, usw.<br>\nWir k\u00f6nnen nicht bieten eine einzigartige Kraftstoff, da jeder Disziplin stellt sehr spezielle Motoren.<br>\nEs ist mehr richtig mit Flugmodelle, Flugzeuge, mit 2-und 4-takt Motoren.<br>\nAuf der Grundlage eines wissenschaftlichen und rigorosen Ansatzes hat Labema einen Pr\u00fcfstand um Motoren zu testen und die Daten registrieren.<br>\nTausenden Tests ergab neuer Brennstoff Generationen : Labemax, Furious Fuel, etc.<br>\n<img decoding=\"async\" src=\"http:\/\/www.labema.com\/images\/Comparaison%20M19%20face%20%C3%A0%20un%20carburant%20comp%C3%A9titeur.jpg\" alt=\"\"><br>\n<img decoding=\"async\" src=\"http:\/\/www.carburant-modelisme.com\/images\/Banc%20d'essais%203%20R.jpg\" alt=\"\"><\/p>","protected":false},"excerpt":{"rendered":"<p>Geschichte LABEMA\u00ae Gesellschaft wurde im Dezember 1989 von Jean-Pierre Philippe Laronze etabliert. Es ist ein Franz\u00f6sisch Familienunternehmen in LORETTE (Frankreich), in der N\u00e4he von Lyon, spezialisiert auf die Entwicklung, Herstellung von Korrosionsschutzmittel: www.labema.com. Die Leidenschaft des Gr\u00fcnders, stammt aus den 50er Jahren mit seinem ersten Motor, ein \u201eCOX\u201c, mit dem er baute einen Rundflug Flugzeug, &hellip; <a href=\"https:\/\/carburant-modelisme.com\/\" class=\"more-link\">Continuer la lecture de <span class=\"screen-reader-text\">Willkommen<\/span> <span class=\"meta-nav\">&rarr;<\/span><\/a><\/p>\n","protected":false},"author":1,"featured_media":0,"parent":0,"menu_order":0,"comment_status":"closed","ping_status":"closed","template":"","meta":{"footnotes":""},"class_list":["post-741","page","type-page","status-publish","hentry"],"_links":{"self":[{"href":"https:\/\/carburant-modelisme.com\/index.php?rest_route=\/wp\/v2\/pages\/741","targetHints":{"allow":["GET"]}}],"collection":[{"href":"https:\/\/carburant-modelisme.com\/index.php?rest_route=\/wp\/v2\/pages"}],"about":[{"href":"https:\/\/carburant-modelisme.com\/index.php?rest_route=\/wp\/v2\/types\/page"}],"author":[{"embeddable":true,"href":"https:\/\/carburant-modelisme.com\/index.php?rest_route=\/wp\/v2\/users\/1"}],"replies":[{"embeddable":true,"href":"https:\/\/carburant-modelisme.com\/index.php?rest_route=%2Fwp%2Fv2%2Fcomments&post=741"}],"version-history":[{"count":4,"href":"https:\/\/carburant-modelisme.com\/index.php?rest_route=\/wp\/v2\/pages\/741\/revisions"}],"predecessor-version":[{"id":1953,"href":"https:\/\/carburant-modelisme.com\/index.php?rest_route=\/wp\/v2\/pages\/741\/revisions\/1953"}],"wp:attachment":[{"href":"https:\/\/carburant-modelisme.com\/index.php?rest_route=%2Fwp%2Fv2%2Fmedia&parent=741"}],"curies":[{"name":"wp","href":"https:\/\/api.w.org\/{rel}","templated":true}]}}