{"id":1461,"date":"2016-04-06T14:13:01","date_gmt":"2016-04-06T13:13:01","guid":{"rendered":"http:\/\/carburant-modelisme.com\/?page_id=1461"},"modified":"2016-04-11T13:20:20","modified_gmt":"2016-04-11T12:20:20","slug":"heli","status":"publish","type":"page","link":"https:\/\/carburant-modelisme.com\/?page_id=1461&lang=de","title":{"rendered":"Treibstoff f\u00fcr Helikopter"},"content":{"rendered":"<p><img decoding=\"async\" src=\"http:\/\/www.labema.com\/images\/Deutsch%206.jpg\" alt=\"\" \/><\/p>\n<p>Kraftstoff f\u00fcr HUBSCHRAUBER<br \/>\nM17: Kraftstoff f\u00fcr 3D-Kunstflug Ausbildung, schnelle Reaktion, kraftvoll, Stabilit\u00e4t.<br \/>\nMit dem Additiv EMADOX\u00ae Mv2 verhindert Rosten der Motoren. Erh\u00e4ltlich in Dose 5 oder 30 Liter.<br \/>\nM18: Freizeit Kraftstoff, sehr geeignet f\u00fcr Anf\u00e4nger in Nitro Motor Hubschrauber. Mit dem Additiv EMADOX\u00ae Mv2 verhindert Rosten der Motoren. Erh\u00e4ltlich in Dose 5 oder 30 Liter.<br \/>\nFURIOUS<br \/>\nFURIOUS 25 DIE Referenz in Nitro Kraftstoff f\u00fcr 3D-Kunstflug-Training.<br \/>\nExtrem leistungsstarke, einfache Inbetriebnahme, perfekt konstante Leistung. Mit dem Additiv EMADOX\u00ae Mv2 verhindert Rosten der Motoren. Erh\u00e4ltlich in Dose 5 oder 30 Liter.<\/p>\n<p>FURIOUS 35.<br \/>\nF\u00fcr Experten, die extrem leistungsf\u00e4hig in 3D-Kunstflug suchen.<br \/>\nNicht geeignet f\u00fcr alle Arten von Motoren, bitte an den Hersteller, wenn der Motor seine DIABOLICAL power. Extreme leistungsstarke, einfache Inbetriebnahme, perfekt konstante Leistung standhalten<br \/>\nMit dem Additiv EMADOX Mv2 verhindert Rosten der Motoren. Erh\u00e4ltlich in Dose 5 oder 30 Liter.<\/p>\n","protected":false},"excerpt":{"rendered":"<p>Kraftstoff f\u00fcr HUBSCHRAUBER M17: Kraftstoff f\u00fcr 3D-Kunstflug Ausbildung, schnelle Reaktion, kraftvoll, Stabilit\u00e4t. Mit dem Additiv EMADOX\u00ae Mv2 verhindert Rosten der Motoren. Erh\u00e4ltlich in Dose 5 oder 30 Liter. M18: Freizeit Kraftstoff, sehr geeignet f\u00fcr Anf\u00e4nger in Nitro Motor Hubschrauber. Mit dem Additiv EMADOX\u00ae Mv2 verhindert Rosten der Motoren. Erh\u00e4ltlich in Dose 5 oder 30 Liter. &hellip; <a href=\"https:\/\/carburant-modelisme.com\/?page_id=1461&#038;lang=de\" class=\"more-link\">Continuer la lecture de <span class=\"screen-reader-text\">Treibstoff f\u00fcr Helikopter<\/span> <span class=\"meta-nav\">&rarr;<\/span><\/a><\/p>\n","protected":false},"author":1,"featured_media":0,"parent":0,"menu_order":3,"comment_status":"closed","ping_status":"closed","template":"","meta":{"footnotes":""},"class_list":["post-1461","page","type-page","status-publish","hentry"],"_links":{"self":[{"href":"https:\/\/carburant-modelisme.com\/index.php?rest_route=\/wp\/v2\/pages\/1461","targetHints":{"allow":["GET"]}}],"collection":[{"href":"https:\/\/carburant-modelisme.com\/index.php?rest_route=\/wp\/v2\/pages"}],"about":[{"href":"https:\/\/carburant-modelisme.com\/index.php?rest_route=\/wp\/v2\/types\/page"}],"author":[{"embeddable":true,"href":"https:\/\/carburant-modelisme.com\/index.php?rest_route=\/wp\/v2\/users\/1"}],"replies":[{"embeddable":true,"href":"https:\/\/carburant-modelisme.com\/index.php?rest_route=%2Fwp%2Fv2%2Fcomments&post=1461"}],"version-history":[{"count":2,"href":"https:\/\/carburant-modelisme.com\/index.php?rest_route=\/wp\/v2\/pages\/1461\/revisions"}],"predecessor-version":[{"id":1463,"href":"https:\/\/carburant-modelisme.com\/index.php?rest_route=\/wp\/v2\/pages\/1461\/revisions\/1463"}],"wp:attachment":[{"href":"https:\/\/carburant-modelisme.com\/index.php?rest_route=%2Fwp%2Fv2%2Fmedia&parent=1461"}],"curies":[{"name":"wp","href":"https:\/\/api.w.org\/{rel}","templated":true}]}}