{"id":1456,"date":"2016-04-06T14:08:46","date_gmt":"2016-04-06T13:08:46","guid":{"rendered":"http:\/\/carburant-modelisme.com\/?page_id=1456"},"modified":"2016-04-11T13:20:02","modified_gmt":"2016-04-11T12:20:02","slug":"1456-2","status":"publish","type":"page","link":"https:\/\/carburant-modelisme.com\/?page_id=1456&lang=de","title":{"rendered":"Kraftstoff f\u00fcr Autos"},"content":{"rendered":"<p><img decoding=\"async\" src=\"http:\/\/www.labema.com\/images\/Deutsch%205.jpg\" alt=\"\" \/><\/p>\n<p>KRAFTSTOFF F\u00dcR RC-CAR &#038; RC-MOTORRAD<br \/>\nRV Auto Motor Einbruch Kraftstoff: Dieser Kraftstoff wurde speziell f\u00fcr den Motor Einbruch um die beste \u00dcbereinstimmung zwischen dem Kolben und der Auskleidung zu erhalten entwickelt.<br \/>\nEs wird regelm\u00e4\u00dfig von RC-Motor professionellen Einsatz.<br \/>\nEs ist ideal, Kraftstoff f\u00fcr die l\u00e4ngste Lebensdauer Ihres Motors, in 1-Liter-Plastikflasche.<br \/>\nM4 : Diese \u00ab\u00a0Freizeit\u00a0\u00bb Kraftstoff passt mit allen RC Autos mit Gl\u00fchkerzen-Motoren:<br \/>\nHalb-Synthese Kraftstoff, 50% Rizinus \u00d6l, 50% aus synthetischem \u00d6l, 11% Nitromethan, in EMADOX\u00aeMv2 Additiv angereichert, es nicht den Motor.<br \/>\nErh\u00e4ltlich in Dosen von 1, 3, 5 oder 30 Liter.<br \/>\nM27 : Hauptmerkmal: Die Motoren werden nicht \u00fcberhitzt.<br \/>\nSpeziell f\u00fcr das Offroad-Auto entwickelt. Autos nicht schnell gefahren. Motoren werden nicht mit der Luft gek\u00fchlt.<br \/>\nErh\u00e4ltlich in Dosen von 1, 3, 5 oder 30 Liter.<br \/>\nCS16 : Competizionne\u00ae Speed, 100% Kunststoff Kraftstoff in \u00dcbereinstimmung mit EFRA Onroad Auto Regeln. Weniger effizient als Labemax Kraftstoff, aber mit einer hervorragenden Lebensdauer des Motors. Erh\u00e4ltlich in Dosen von 1, 3, 5 oder 30 Liter.<br \/>\nCS25 : Competizionne\u00ae Speed, 100% Kunststoff Kraftstoff in \u00dcbereinstimmung mit EFRA Offroad Auto Regeln. Weniger effizient als Labemax Kraftstoff, aber mit einer hervorragenden Lebensdauer des Motors. Erh\u00e4ltlich in Dosen von 1, 3, 5 oder 30 Liter.<br \/>\nLABEMAX 16 : Kraftstoff im Onroad 10.1 \u00b0 et 1\/8 \u00b0 besser als die Konkurrenz ! in \u00dcbereinstimmung mit den EFRA Onroad Auto Regeln.<br \/>\nDie \u00d6le Wahl, ihre perfekte Dosierung und die Qualit\u00e4t unseres Additivs machen einem extrem leistungsf\u00e4higen Kraftstoff, stabil und zuverl\u00e4ssig.<br \/>\nErh\u00e4ltlich in Dosen von 1, 3, 5 oder 30 Liter.<br \/>\nLABEMAX 25 : Bezugskraftstoff f\u00fcr 1\/8 \u00b0 Stra\u00dfenverkehr Auto.<br \/>\nIn \u00dcbereinstimmung mit den EFRA Regeln. Die \u00d6le Wahl, ihre perfekte Dosierung und die Qualit\u00e4t unseres Additivs machen einem extrem leistungsf\u00e4higen Kraftstoff, stabil und zuverl\u00e4ssig.<br \/>\nErh\u00e4ltlich in Dosen von 1, 3, 5 oder 30 Liter.<br \/>\nJetzt auch in farbiger Kraftstoff: Labemax 25C<\/p>\n","protected":false},"excerpt":{"rendered":"<p>KRAFTSTOFF F\u00dcR RC-CAR &#038; RC-MOTORRAD RV Auto Motor Einbruch Kraftstoff: Dieser Kraftstoff wurde speziell f\u00fcr den Motor Einbruch um die beste \u00dcbereinstimmung zwischen dem Kolben und der Auskleidung zu erhalten entwickelt. Es wird regelm\u00e4\u00dfig von RC-Motor professionellen Einsatz. Es ist ideal, Kraftstoff f\u00fcr die l\u00e4ngste Lebensdauer Ihres Motors, in 1-Liter-Plastikflasche. M4 : Diese \u00ab\u00a0Freizeit\u00a0\u00bb Kraftstoff &hellip; <a href=\"https:\/\/carburant-modelisme.com\/?page_id=1456&#038;lang=de\" class=\"more-link\">Continuer la lecture de <span class=\"screen-reader-text\">Kraftstoff f\u00fcr Autos<\/span> <span class=\"meta-nav\">&rarr;<\/span><\/a><\/p>\n","protected":false},"author":1,"featured_media":0,"parent":0,"menu_order":1,"comment_status":"closed","ping_status":"closed","template":"","meta":{"footnotes":""},"class_list":["post-1456","page","type-page","status-publish","hentry"],"_links":{"self":[{"href":"https:\/\/carburant-modelisme.com\/index.php?rest_route=\/wp\/v2\/pages\/1456","targetHints":{"allow":["GET"]}}],"collection":[{"href":"https:\/\/carburant-modelisme.com\/index.php?rest_route=\/wp\/v2\/pages"}],"about":[{"href":"https:\/\/carburant-modelisme.com\/index.php?rest_route=\/wp\/v2\/types\/page"}],"author":[{"embeddable":true,"href":"https:\/\/carburant-modelisme.com\/index.php?rest_route=\/wp\/v2\/users\/1"}],"replies":[{"embeddable":true,"href":"https:\/\/carburant-modelisme.com\/index.php?rest_route=%2Fwp%2Fv2%2Fcomments&post=1456"}],"version-history":[{"count":3,"href":"https:\/\/carburant-modelisme.com\/index.php?rest_route=\/wp\/v2\/pages\/1456\/revisions"}],"predecessor-version":[{"id":1460,"href":"https:\/\/carburant-modelisme.com\/index.php?rest_route=\/wp\/v2\/pages\/1456\/revisions\/1460"}],"wp:attachment":[{"href":"https:\/\/carburant-modelisme.com\/index.php?rest_route=%2Fwp%2Fv2%2Fmedia&parent=1456"}],"curies":[{"name":"wp","href":"https:\/\/api.w.org\/{rel}","templated":true}]}}