{"id":1441,"date":"2016-04-06T13:55:54","date_gmt":"2016-04-06T12:55:54","guid":{"rendered":"http:\/\/carburant-modelisme.com\/?page_id=1441"},"modified":"2016-04-11T13:20:12","modified_gmt":"2016-04-11T12:20:12","slug":"flugbenzin","status":"publish","type":"page","link":"https:\/\/carburant-modelisme.com\/?page_id=1441&lang=de","title":{"rendered":"Flugbenzin"},"content":{"rendered":"<p><img decoding=\"async\" src=\"http:\/\/www.labema.com\/images\/Deutsch%208.jpg\" alt=\"\" \/><br \/>\nKRAFTSTOFF F\u00dcR FLUGZEUGE Motoren <\/p>\n<p>2-Takt-Motor<br \/>\nCOX: 25% Nitromethan nur in 1 Liter Flasche erh\u00e4ltlich.<br \/>\nM2: Halb-Synthese Kraftstoff, 50% Rizinus \u00d6l, 50% synthetischen \u00d6ls, 5% Nitromethan, verst\u00e4rkt mit EMADOX\u00aeMv2 Additiv : der Motor rostet nicht.<br \/>\nIdeal Kraftstoff f\u00fcr eine lange Lebensdauer des Motors, verf\u00fcgbar in 5 Liter oder 30 Liter Beh\u00e4lter. <\/p>\n<p>MP 15: spezifisch f\u00fcr F3A 2-Takt-Motor. 100% synthetisches \u00d6l Kraftstoff, verst\u00e4rkt mit EMADOX\u00aeMv2 Additiv. Dann wird den Motor nicht rosten. In 5 Liter oder 30 Liter Beh\u00e4lter.<\/p>\n<p>M20: vollsynthetisches \u00d6l zu Benzin, 5% Nitromethan verst\u00e4rkt mit EMADOX\u00aeMv2 Additiv. Dann wird den Motor nicht rosten. In 3 Liter, 5 Liter oder 30 Liter Beh\u00e4lter.<\/p>\n<p>M24: speziell f\u00fcr die TOWING, Halb-Synthese Kraftstoff entwickelt, der Anteil der 3-Fetts\u00e4uren, hat f\u00fcr gro\u00dfe 2-Takt-Motor optimiert, 5% Nitromethan, verst\u00e4rkt mit EMADOX\u00aeMv2 Additiv. , Dann wird den Motor nicht rosten. In 5 Liter oder 30 Liter Beh\u00e4lter.<\/p>\n<p>4-Takt-Motor<br \/>\nM1.2: Bezugskraftstoff f\u00fcr 4-Takt: Eine Anzahlung an Ventilen, Ventilspindeln, Zylinderkopf. 10% Nitromethan. Zus\u00e4tzlich mit Labema After-Run, wird Ihr 4-Takt Motor eine hervorragende Lebensdauer!<br \/>\nErh\u00e4ltlich in 5 Liter oder 30 Liter Beh\u00e4lter. <\/p>\n<p>M11.25: spezifisch f\u00fcr Kunstflugmaschinen mit 4-Takt-Gl\u00fchkerzen Motoren. Extrem starker, keine Kaution an Ventilen, Ventilspindeln, Zylinderkopf. Dar\u00fcber hinaus mit After-Run, wird Ihr 4-Takt Motor eine hervorragende Lebensdauer haben !.<br \/>\nErh\u00e4ltlich in 5 Liter oder 30 Liter Beh\u00e4lter. <\/p>\n<p>CDI: spezifisch f\u00fcr Kunstflugmodell f\u00fcr 4-Takt Motor mit elektronischer Z\u00fcndung. Extrem starker, keine Kaution an Ventilen, Ventilspindeln, Zylinderkopf. Dar\u00fcber hinaus mit After-Run, wird Ihr 4-Takt Motor eine hervorragende Lebensdauer!<br \/>\nErh\u00e4ltlich in 5 Liter oder 30 Liter Beh\u00e4lter. <\/p>\n<p>RS: Seidel Sternmotoren Kraftstoff.<br \/>\nVorsicht! : Dieser Kraftstoff ist sehr spezifisch und nur f\u00fcr diese Sternmotoren.<br \/>\nErh\u00e4ltlich in 5 Liter oder 30 Liter Beh\u00e4lter. <\/p>\n","protected":false},"excerpt":{"rendered":"<p>KRAFTSTOFF F\u00dcR FLUGZEUGE Motoren 2-Takt-Motor COX: 25% Nitromethan nur in 1 Liter Flasche erh\u00e4ltlich. M2: Halb-Synthese Kraftstoff, 50% Rizinus \u00d6l, 50% synthetischen \u00d6ls, 5% Nitromethan, verst\u00e4rkt mit EMADOX\u00aeMv2 Additiv : der Motor rostet nicht. Ideal Kraftstoff f\u00fcr eine lange Lebensdauer des Motors, verf\u00fcgbar in 5 Liter oder 30 Liter Beh\u00e4lter. MP 15: spezifisch f\u00fcr F3A &hellip; <a href=\"https:\/\/carburant-modelisme.com\/?page_id=1441&#038;lang=de\" class=\"more-link\">Continuer la lecture de <span class=\"screen-reader-text\">Flugbenzin<\/span> <span class=\"meta-nav\">&rarr;<\/span><\/a><\/p>\n","protected":false},"author":1,"featured_media":0,"parent":0,"menu_order":2,"comment_status":"closed","ping_status":"closed","template":"","meta":{"footnotes":""},"class_list":["post-1441","page","type-page","status-publish","hentry"],"_links":{"self":[{"href":"https:\/\/carburant-modelisme.com\/index.php?rest_route=\/wp\/v2\/pages\/1441","targetHints":{"allow":["GET"]}}],"collection":[{"href":"https:\/\/carburant-modelisme.com\/index.php?rest_route=\/wp\/v2\/pages"}],"about":[{"href":"https:\/\/carburant-modelisme.com\/index.php?rest_route=\/wp\/v2\/types\/page"}],"author":[{"embeddable":true,"href":"https:\/\/carburant-modelisme.com\/index.php?rest_route=\/wp\/v2\/users\/1"}],"replies":[{"embeddable":true,"href":"https:\/\/carburant-modelisme.com\/index.php?rest_route=%2Fwp%2Fv2%2Fcomments&post=1441"}],"version-history":[{"count":2,"href":"https:\/\/carburant-modelisme.com\/index.php?rest_route=\/wp\/v2\/pages\/1441\/revisions"}],"predecessor-version":[{"id":1455,"href":"https:\/\/carburant-modelisme.com\/index.php?rest_route=\/wp\/v2\/pages\/1441\/revisions\/1455"}],"wp:attachment":[{"href":"https:\/\/carburant-modelisme.com\/index.php?rest_route=%2Fwp%2Fv2%2Fmedia&parent=1441"}],"curies":[{"name":"wp","href":"https:\/\/api.w.org\/{rel}","templated":true}]}}