{"id":1366,"date":"2016-04-05T14:11:32","date_gmt":"2016-04-05T13:11:32","guid":{"rendered":"http:\/\/carburant-modelisme.com\/?page_id=1366"},"modified":"2016-04-11T13:20:36","modified_gmt":"2016-04-11T12:20:36","slug":"kraftstoffzusammensetzung-2","status":"publish","type":"page","link":"https:\/\/carburant-modelisme.com\/?page_id=1366&lang=de","title":{"rendered":"Kraftstoffzusammensetzung"},"content":{"rendered":"<p><img decoding=\"async\" src=\"http:\/\/www.labema.com\/images\/Deutsch%201%202%203%204_Page_1.jpg\" alt=\"\" \/><br \/>\n<img decoding=\"async\" src=\"http:\/\/www.labema.com\/images\/Deutsch%201%202%203%204_Page_2.jpg\" alt=\"\" \/><br \/>\n<img decoding=\"async\" src=\"http:\/\/www.labema.com\/images\/Deutsch%201%202%203%204_Page_3.jpg\" alt=\"\" \/><br \/>\n<img decoding=\"async\" src=\"http:\/\/www.labema.com\/images\/Deutsch%201%202%203%204_Page_4.jpg\" alt=\"\" \/><br \/>\nLABEMA\u00ae Gesellschaft wurde im Dezember 1989 von Jean-Pierre Philippe Laronze etabliert. <\/p>\n<p>Es ist ein Franz\u00f6sisch Familienunternehmen in LORETTE (Frankreich), in der N\u00e4he von Lyon, spezialisiert auf die Entwicklung, Herstellung von Korrosionsschutzmittel:  www.labema.com.<br \/>\nDie Leidenschaft des Gr\u00fcnders, stammt aus den 50er Jahren mit seinem ersten Motor, ein \u201eCOX\u201c, mit dem er baute einen Rundflug Flugzeug, ein Auto mit Druckpropeller und ein Luftkissenfahrzeug.<br \/>\nDie 70er Jahre begann die selbst zu bauen Proportionalfunkger\u00e4te. In der Zwischenzeit waren verschiedene Luftfahrtdisziplinen untersucht, beide realer Gr\u00f6\u00dfe und Modell.<br \/>\nZur Verfassung des Labema Unternehmens, wurden Korrosionsinhibitoren, verschiedene Kraftstoffherstellern angeboten. Aber die zus\u00e4tzlichen Kosten waren ein Hindernis f\u00fcr deren Entwicklung.<br \/>\nAllerdings sind Forschungen in Zusammenarbeit mit Standard und Wettbewerbe Motoren Hersteller durchgef\u00fchrt.<br \/>\nIm Jahr 2001 hat Labema eine neue Brennstoffchemie f\u00fcr Modelle ausgearbeitet. Dieser erste Kraftstoff wurde von dem Gewinner des F3A Franz\u00f6sisch-Meisterschaft im Jahr 2002 verwendet.<br \/>\nDie Entwicklung von Labema Kraftstoffen ist vor allem ein Mensch Abenteuer, um die Leidenschaft und Freundschaft von mechanischen F\u00e4higkeiten zu teilen.<br \/>\n\u00dcber die Jahre, viele sch\u00f6ne Meetings, alle von der Labema Geist gehandelt, die h\u00f6chste Qualit\u00e4t in allen Disziplinen  wird erreicht: Flugzeuge, Autos, Boote, Hubschrauber, Motorr\u00e4der, usw.<br \/>\nWir k\u00f6nnen nicht bieten eine einzigartige Kraftstoff, da jeder Disziplin stellt sehr spezielle Motoren.<br \/>\nEs ist mehr richtig mit Flugmodelle, Flugzeuge, mit 2-und 4-takt Motoren.<br \/>\nAuf der Grundlage eines wissenschaftlichen und rigorosen Ansatzes hat Labema einen Pr\u00fcfstand um Motoren zu testen und die Daten registrieren.<br \/>\nTausenden Tests ergab neuer Brennstoff Generationen : Labemax, Furious Fuel, etc.<\/p>\n<p>Qualit\u00e4t ist nicht teuer, weil Mittelm\u00e4\u00dfigkeit ist \u00fcberteuert<br \/>\n\tJPP LARONZE<\/p>\n<p>Definition und Zusammensetzung der Mikromotoren Kraftstoffe<br \/>\nEin Brennstoff ist ein Gemisch von chemischen Verbindungen, deren Verbrennung eine mechanische Energie gibt. Diese Mischung besteht, im Fall von Modellen, von Kraftstoff (Brennen), Oxidieren (Brennen) f\u00fcr die Verbrennung, und auch \u00d6l und Additiven.<br \/>\nA: Kraftstoff: METHANOL <\/p>\n<p>Definition: Es handelt sich um Stoffe, die bei der Herstellung von mechanischer Energie zu verbrennen.<br \/>\nMethanol oder Methylalkohol wird am h\u00e4ufigsten f\u00fcr seine ausgezeichnete Verbrennung und Leistung verwendet.<br \/>\nTechnische Daten:<br \/>\nFarblose Fl\u00fcssigkeit mit angenehmem Geruch, mit Wasser in jedem Verh\u00e4ltnis mischbar. Es wurde von Boyle im 1661 entdeckt.  Es ist in vieler chemischen Synthese verwendet und ihre Derivate werden in gro\u00dfem Umfang f\u00fcr die Herstellung von Farbstoffprodukte, Harze, Arzneimittel und synthetische Riechstoffe.<br \/>\nMethanol wird auch als Brennstoff f\u00fcr die Denaturierung Ethylalkohol, als Frostschutzmittel in der Lackindustrie, Farbstoffe und einige Kunststoffe eingesetzt.<br \/>\nChemische Formel: CH30H (C = C, H = Wasserstoff, O = Sauerstoff)<br \/>\nMolekulargewicht: 32,0419<br \/>\nSiedepunkt: 64,7 \u00b0 C<br \/>\nSchmelzpunkt: &#8211; 97,8 \u00b0 C<br \/>\nDichte (bei 20 \u00b0 C): 0,7914 (1 l wiegt 791,4g bei 20 \u00b0 C)<br \/>\nSpezifische W\u00e4rme bei 20 \u00b0 C: 0,599 cal \/ g (Verbrennung von 1 g = 0,599 Kalorien)<br \/>\nFlammpunkt: 12 bei 16 \u00b0 C (entz\u00fcndlich)<br \/>\nSelbstentz\u00fcndungstemperatur 464 \u00b0 C ist die Temperatur, bei der Methanol z\u00fcndet spontan auch ohne Funken.<br \/>\nZubereitung:<br \/>\nEntweder durch Destillation des Holz, oder durch katalytische Reaktion zwischen Wasserstoff und Kohlenmonoxid.<br \/>\nZus\u00e4tzlich zu den neuen Industrieformen gibt es auch auf dem Markt f\u00fcr Industrie recyceltem Methanol. Methanol kann auch redestilliert sein.<\/p>\n<p>Toxikologie:<br \/>\nMethanol ist auch ein starkes Gift.<br \/>\nBei Verschlucken, verursacht es schwere Lebersch\u00e4den. Dar\u00fcbe hinaus ist es ein Beruhigungs des zentralen Nervensystems (wie Ethanol), aber es verhindert sehr langsam und seine Wirkungen sind kumulativ.<br \/>\nDurch l\u00e4ngeren Kontakt mit der Haut, kann Dermatitis auftreten nach der Zerst\u00f6rung von Lipid Hautschicht.<br \/>\nDie Vorspr\u00fcnge sind reizend auf die Augen (Konjunktivitis). Bei l\u00e4ngerer Inhalation wird Intoxikation mit \u00dcbelkeit und Zyanose, Lungen\u00f6dem, Erregung, Wut. Am Ende, die Tod ist m\u00f6glich!<br \/>\nEs gibt auch die gro\u00dfen Augenerkrankungen mit verminderter Sehsch\u00e4rfe, Pupillenerweiterung, Lichtscheu und das Fortschreiten zur Erblindung!<br \/>\nWir m\u00fcssen daher Vorkehrungen bei der Handhabung und Lagerung (Kinder) nehmen.<br \/>\nHinweis:<br \/>\nMethanol ist auch ein gutes Reinigungsmittel f\u00fcr Farben. Nachdenken Sie wann Sie Ihr Modell malen, und nehmen Sie n\u00fctzliche Ratschl\u00e4ge mit Ihrem Fachh\u00e4ndler.<br \/>\nMethanol ist auch ein gut Reinigungsmittel f\u00fcr Lacke. Denken Sie \u00fcber wenn Sie Ihr Modell malen, und h\u00f6ren auf den Rat von Ihrem Fachh\u00e4ndler.<br \/>\nEs eignet sich auch hervorragend zur Entfettung von Metallteilen und macht sie anf\u00e4llig f\u00fcr Rost, der den Motor blockieren k\u00f6nnen.<br \/>\nHinweis f\u00fcr den Winter: entfernen Sie die Gl\u00fchkerze, spritzen den LABEMA AFTER RUN, drehen Sie die Kurbelwelle ein Dutzend Mal, ersetzen Sie die Z\u00fcndkerze und legen Sie den Motor in eine Plastikt\u00fcte.<br \/>\nB: Oxidationsmittel: LE NITROMETHANE<br \/>\nSind oxidierende Stoffe, die Verbrennung zu erm\u00f6glichen genannt: der bekannteste ist der Sauerstoff in der Luft, aber in einigen F\u00e4llen ist es sinnvoll, ihre Arbeit durch die Zugabe von Nitromethan abzuschlie\u00dfen.<br \/>\nTats\u00e4chlich ist es eine stark mit Sauerstoff Molek\u00fcl.<\/p>\n<p>Zubereitung:<br \/>\nEs wird das durch Dampfphasen Nitrierung von Propan hergestellt werden.<br \/>\nTechnische Daten:<br \/>\nMolekulargewicht: 61,04<br \/>\nFormula: CH3NO2<br \/>\nDichte bei 20 \u00b0 C: 1.139 (1 l Gewichte 1,139g)<br \/>\nSpezifische W\u00e4rme: 0,422 cal \/ g<br \/>\nFlammpunkt: 35 \u00b0 C<br \/>\nSelbstentz\u00fcndungstemperatur: 418 C<br \/>\nGeruchsarm<br \/>\nToxikologie:<br \/>\nNitromethan als L\u00f6sungsmittel in der organischen Synthese und als Treibstoff f\u00fcr Raketen verwendet.<br \/>\nC: Schmiermittel.<br \/>\nSchmierstoffe in der Regel \u00ab\u00a0\u00d6l\u00a0\u00bb unter dem Namen unendliche ganz andere Substanzen mit unterschiedlichen physikalischen und chemischen Eigenschaften genannt. Die Bestandteile der \u00d6le pflanzlichen, tierischen, mineralischen oder synthetischen.<br \/>\nSchmierstoffe &lsquo;Eigenschaften:<br \/>\n-Reduzieren Verschlei\u00df und die Lebensdauer des Motors zu erh\u00f6hen.<br \/>\n-clean Der Motor Vermeidung von Ablagerungen, Zahnfleisch, Galmei etc &#8230;<br \/>\n-Reduzieren Friction: vermeiden verbindlich und Leistung zu verbessern.<br \/>\n-Sicherstellen Dichtigkeit, insbesondere zwischen der Auskleidung und Kolben insbesondere bei Motoren ohne Segmenten.<br \/>\nIm Fall von Modellen, ist es notwendig, eine mischbare \u00d6l mit Methanol zu w\u00e4hlen. Dies ist der Fall von Rizinus\u00f6l und synthetische Derivate wie Polyglykol.<\/p>\n<p>Rizinus \u00d6l:<br \/>\nCastor (Rizinus communis) ist ein Kraut, Strauch oder Baum je nach Wetterlage.<br \/>\nDie Anlage hat gro\u00dfe gr\u00fcne Bl\u00e4tter und dunkelrote Fr\u00fcchte, die Samen. Sehr dekorativ ist diese Pflanze in vielen G\u00e4rten vorhanden. In tropischen Klimas, kann diese Anlage zu erreichen drei Meter gro\u00df.<br \/>\nCastor Samen enthalten ein wenig Wasser und Mineralien, einige Kohlenhydrate, Proteine (20%) und insbesondere des \u00d6ls (50%).<br \/>\nDas \u00d6l besteht aus einer Mischung von Fetts\u00e4uren, deren Prim\u00e4r ist Rizinus \u00d6l s\u00e4ure. Es kommt mit \u00d6ls\u00e4ure, Linols\u00e4ure, Stearins\u00e4ure.<br \/>\nEs wird durch Pressen, Filtration und Reinigung erhalten.<br \/>\nDas \u00d6l wird in der Pharmazie als Abf\u00fchrmittel als Schmiermittel in den alten Flugzeugmotoren, Renn Autos, hydraulische Kraft\u00fcbertragung, usw. Modelle verwendet.<br \/>\nSchmierf\u00e4higkeit ist ausgezeichnet.<br \/>\nEs gibt verschiedene Rizinus \u00d6le gem\u00e4\u00df der Verfahren der Gewinnung, Herstellung, Veredelung. Abh\u00e4ngig von der Qualit\u00e4t der Trocknung, so Verfestigung des \u00d6ls, was zu viel Ablagerungen.<br \/>\nPolyglykole:<br \/>\nDies sind synthetische Verbindungen auf Basis von Polyalkylenglykol (PG) oder deren Derivate. Je nach ihrer Struktur sind sie in Wasser oder Alkohol oder beides mischbar.<br \/>\nSie haben hervorragende Schmiereigenschaften, sind aber leicht sauer und kann Metalle korrodieren. Daher ist es erforderlich, Zus\u00e4tze hinzuzuf\u00fcgen, um dieses Problem zu l\u00f6sen.<br \/>\nEiner ihrer Vorteile ist ihre geringe Viskosit\u00e4t, die Motorleistung verbessert und reduziert den Energieverlust.<\/p>\n<p>D: Additive.<br \/>\nDiese Komponente, die f\u00fcr einen kleinen Prozentsatz in der Endzusammensetzung des Kraftstoffs ausmacht, spielt jedoch eine entscheidende Rolle bei der Gesundheit und verhindert Motor Rost und Besch\u00e4digungen. Wesentlich ist, dass synthetische \u00d6le geeignet sind.<br \/>\nIn der Tat ist Grund Polyglykol schwach sauren und die S\u00e4ureattacken Metallen. Ein kleiner Anteil dieser S\u00e4uren des Typs EMADOX Mv2 (zwischen 0,5 und 2%) vermeidet die Auswirkungen von Korrosion.<\/p>\n","protected":false},"excerpt":{"rendered":"<p>LABEMA\u00ae Gesellschaft wurde im Dezember 1989 von Jean-Pierre Philippe Laronze etabliert. Es ist ein Franz\u00f6sisch Familienunternehmen in LORETTE (Frankreich), in der N\u00e4he von Lyon, spezialisiert auf die Entwicklung, Herstellung von Korrosionsschutzmittel: www.labema.com. Die Leidenschaft des Gr\u00fcnders, stammt aus den 50er Jahren mit seinem ersten Motor, ein \u201eCOX\u201c, mit dem er baute einen Rundflug Flugzeug, ein &hellip; <a href=\"https:\/\/carburant-modelisme.com\/?page_id=1366&#038;lang=de\" class=\"more-link\">Continuer la lecture de <span class=\"screen-reader-text\">Kraftstoffzusammensetzung<\/span> <span class=\"meta-nav\">&rarr;<\/span><\/a><\/p>\n","protected":false},"author":1,"featured_media":0,"parent":0,"menu_order":5,"comment_status":"closed","ping_status":"closed","template":"","meta":{"footnotes":""},"class_list":["post-1366","page","type-page","status-publish","hentry"],"_links":{"self":[{"href":"https:\/\/carburant-modelisme.com\/index.php?rest_route=\/wp\/v2\/pages\/1366","targetHints":{"allow":["GET"]}}],"collection":[{"href":"https:\/\/carburant-modelisme.com\/index.php?rest_route=\/wp\/v2\/pages"}],"about":[{"href":"https:\/\/carburant-modelisme.com\/index.php?rest_route=\/wp\/v2\/types\/page"}],"author":[{"embeddable":true,"href":"https:\/\/carburant-modelisme.com\/index.php?rest_route=\/wp\/v2\/users\/1"}],"replies":[{"embeddable":true,"href":"https:\/\/carburant-modelisme.com\/index.php?rest_route=%2Fwp%2Fv2%2Fcomments&post=1366"}],"version-history":[{"count":4,"href":"https:\/\/carburant-modelisme.com\/index.php?rest_route=\/wp\/v2\/pages\/1366\/revisions"}],"predecessor-version":[{"id":1506,"href":"https:\/\/carburant-modelisme.com\/index.php?rest_route=\/wp\/v2\/pages\/1366\/revisions\/1506"}],"wp:attachment":[{"href":"https:\/\/carburant-modelisme.com\/index.php?rest_route=%2Fwp%2Fv2%2Fmedia&parent=1366"}],"curies":[{"name":"wp","href":"https:\/\/api.w.org\/{rel}","templated":true}]}}